{"id":4204,"date":"2020-11-27T11:08:29","date_gmt":"2020-11-27T11:08:29","guid":{"rendered":"https:\/\/www.navitalo.com\/about\/"},"modified":"2026-02-17T12:12:46","modified_gmt":"2026-02-17T12:12:46","slug":"ueber-uns","status":"publish","type":"page","link":"https:\/\/www.navitalo.com\/de\/ueber-uns\/","title":{"rendered":"\u00dcber uns"},"content":{"rendered":"\n<style type=\"text\/css\" data-created_by=\"avia_inline_auto\" id=\"style-css-av-kjlc04e1-e595c3d557c4352832e70eedbeb8aa51\">\n.avia-section.av-kjlc04e1-e595c3d557c4352832e70eedbeb8aa51{\nbackground-repeat:no-repeat;\nbackground-image:url(https:\/\/www.navitalo.com\/wp-content\/uploads\/2021\/01\/navitalo-about-us.jpg);\nbackground-position:50% 100%;\nbackground-attachment:scroll;\n}\n<\/style>\n<div id='av_section_1'  class='avia-section av-kjlc04e1-e595c3d557c4352832e70eedbeb8aa51 main_color avia-section-default avia-no-border-styling  avia-builder-el-0  el_before_av_section  avia-builder-el-first  avia-full-stretch avia-bg-style-scroll av-minimum-height av-minimum-height-25 av-height-25  container_wrap sidebar_right'  data-section-bg-repeat='stretch' data-av_minimum_height_pc='25' data-av_min_height_opt='25'><div class='container av-section-cont-open' ><main  role=\"main\" itemprop=\"mainContentOfPage\"  class='template-page content  av-content-small alpha units'><div class='post-entry post-entry-type-page post-entry-4204'><div class='entry-content-wrapper clearfix'>\n<\/div><\/div><\/main><!-- close content main element --><\/div><\/div><div id='about'  class='avia-section av-1b8yof-f440729a6149e4a81a1962fdbf63be31 main_color avia-section-default avia-no-border-styling  avia-builder-el-1  el_after_av_section  el_before_av_section  avia-bg-style-scroll container_wrap sidebar_right'  ><div class='container av-section-cont-open' ><div class='template-page content  av-content-small alpha units'><div class='post-entry post-entry-type-page post-entry-4204'><div class='entry-content-wrapper clearfix'>\n\n<style type=\"text\/css\" data-created_by=\"avia_inline_auto\" id=\"style-css-av-43anu3-34c8f5ca84dd2d92c81f04ea2e5c0597\">\n.flex_column.av-43anu3-34c8f5ca84dd2d92c81f04ea2e5c0597{\nborder-radius:0px 0px 0px 0px;\npadding:0px 0px 0px 0px;\n}\n<\/style>\n<div  class='flex_column av-43anu3-34c8f5ca84dd2d92c81f04ea2e5c0597 av_one_fifth  avia-builder-el-2  el_before_av_three_fifth  avia-builder-el-first  first flex_column_div av-zero-column-padding  '     ><\/div>\n<style type=\"text\/css\" data-created_by=\"avia_inline_auto\" id=\"style-css-av-10m1yf-0296a66380609933fd8a9b9fe45114b7\">\n.flex_column.av-10m1yf-0296a66380609933fd8a9b9fe45114b7{\nborder-radius:0px 0px 0px 0px;\npadding:0px 0px 0px 0px;\n}\n<\/style>\n<div  class='flex_column av-10m1yf-0296a66380609933fd8a9b9fe45114b7 av_three_fifth  avia-builder-el-3  el_after_av_one_fifth  el_before_av_one_fifth  flex_column_div av-zero-column-padding  '     ><p>\n<style type=\"text\/css\" data-created_by=\"avia_inline_auto\" id=\"style-css-av-6hml0s-b775deeffc6da3f64fdb3e73aa4abf08\">\n#top .av-special-heading.av-6hml0s-b775deeffc6da3f64fdb3e73aa4abf08{\npadding-bottom:10px;\n}\nbody .av-special-heading.av-6hml0s-b775deeffc6da3f64fdb3e73aa4abf08 .av-special-heading-tag .heading-char{\nfont-size:25px;\n}\n.av-special-heading.av-6hml0s-b775deeffc6da3f64fdb3e73aa4abf08 .av-subheading{\nfont-size:15px;\n}\n<\/style>\n<div  class='av-special-heading av-6hml0s-b775deeffc6da3f64fdb3e73aa4abf08 av-special-heading-h1 blockquote modern-quote modern-centered  avia-builder-el-4  el_before_av_textblock  avia-builder-el-first '><h1 class='av-special-heading-tag '  itemprop=\"headline\"  >\u00dcber uns<\/h1><div class=\"special-heading-border\"><div class=\"special-heading-inner-border\"><\/div><\/div><\/div><br \/>\n<section  class='av_textblock_section av-kjlbsuoc-be50771bbac3edb50cd2fb3887ee95cf '   itemscope=\"itemscope\" itemtype=\"https:\/\/schema.org\/CreativeWork\" ><div class='avia_textblock'  itemprop=\"text\" ><p style=\"text-align: center;\">naVitalo \u2013 Ihr Partner und Lieferant f\u00fcr die Beschaffung pflanzlicher Rohstoffe aus Reis, Hafer, Tapioka und anderen Getreidesorten. Mit mehr als 10 Jahren Erfahrung stehen wir mit unseren Naturprodukten f\u00fcr nachhaltige L\u00f6sungen f\u00fcr die Lebensmittelindustrie. Bei uns erhalten Sie nat\u00fcrliche S\u00fc\u00dfungsmittel, pflanzliche Milchalternativen und vegane Proteine aus streng kontrolliertem und \u00f6kologischem Anbau. Auch umweltfreundliche und nachhaltige Produktionsprozesse stehen f\u00fcr uns im Fokus.<\/p>\n<p style=\"text-align: center;\"><strong>Wir sind Ihr Spezialist f\u00fcr pflanzliche Lebensmittelzutaten!<\/strong><\/p>\n<\/div><\/section><\/p><\/div>\n<style type=\"text\/css\" data-created_by=\"avia_inline_auto\" id=\"style-css-av-2yiom3-7e9d9f41a35b61ea39f32d3443cfd069\">\n.flex_column.av-2yiom3-7e9d9f41a35b61ea39f32d3443cfd069{\nborder-radius:0px 0px 0px 0px;\npadding:0px 0px 0px 0px;\n}\n<\/style>\n<div  class='flex_column av-2yiom3-7e9d9f41a35b61ea39f32d3443cfd069 av_one_fifth  avia-builder-el-6  el_after_av_three_fifth  el_before_av_one_half  flex_column_div av-zero-column-padding  '     ><\/div><div class='flex_column_table av-uh0e7-884d27f2f2819728754babd3e35aea0a sc-av_one_half av-equal-height-column-flextable'>\n<style type=\"text\/css\" data-created_by=\"avia_inline_auto\" id=\"style-css-av-uh0e7-884d27f2f2819728754babd3e35aea0a\">\n.flex_column.av-uh0e7-884d27f2f2819728754babd3e35aea0a{\nborder-radius:0px 0px 0px 0px;\npadding:0px 0px 0px 0px;\n}\n<\/style>\n<div  id=\"ourmission\"  class='flex_column av-uh0e7-884d27f2f2819728754babd3e35aea0a av_one_half  avia-builder-el-7  el_after_av_one_fifth  el_before_av_one_half  first flex_column_table_cell av-equal-height-column av-align-middle av-zero-column-padding  column-top-margin'     ><p>\n<style type=\"text\/css\" data-created_by=\"avia_inline_auto\" id=\"style-css-av-4s6v3w-c00419cfb5a3b17c62d0c73def32e3d1\">\n#top .av-special-heading.av-4s6v3w-c00419cfb5a3b17c62d0c73def32e3d1{\npadding-bottom:10px;\n}\nbody .av-special-heading.av-4s6v3w-c00419cfb5a3b17c62d0c73def32e3d1 .av-special-heading-tag .heading-char{\nfont-size:25px;\n}\n.av-special-heading.av-4s6v3w-c00419cfb5a3b17c62d0c73def32e3d1 .av-subheading{\nfont-size:15px;\n}\n<\/style>\n<div  class='av-special-heading av-4s6v3w-c00419cfb5a3b17c62d0c73def32e3d1 av-special-heading-h2 blockquote modern-quote  avia-builder-el-8  el_before_av_textblock  avia-builder-el-first '><h2 class='av-special-heading-tag '  itemprop=\"headline\"  >Unsere Mission<\/h2><div class=\"special-heading-border\"><div class=\"special-heading-inner-border\"><\/div><\/div><\/div><br \/>\n<section  class='av_textblock_section av-kghyypzh-789fd0392e1987f9a28ea6e4683905a4 '   itemscope=\"itemscope\" itemtype=\"https:\/\/schema.org\/CreativeWork\" ><div class='avia_textblock'  itemprop=\"text\" ><p>Seit 2013 steht naVitalo f\u00fcr einen auf pflanzliche Produkte ausgerichteten Lebensstil, der den Prinzipien der \u00f6kologischen und ethischen Lebensmittelproduktion entspricht. Ihnen hochwertige Lebensmittelrohstoffe zur Verf\u00fcgung zu stellen, ist unsere Mission. Dazu geh\u00f6rt auch, diese Produkte streng kontrolliert, nachhaltig und umweltfreundlich herzustellen. naVitalo bietet eine Vielzahl von Produkten an, die an den neuen, zeitgem\u00e4\u00dfen Umgang mit Lebensmitteln, deren Herkunft und Bedeutung angepasst sind.<\/p>\n<p><strong>Es ist unsere Verantwortung, einen Beitrag zur Erhaltung unseres Planeten zu leisten!<\/strong><\/p>\n<\/div><\/section><\/p><\/div><div class='av-flex-placeholder'><\/div>\n<style type=\"text\/css\" data-created_by=\"avia_inline_auto\" id=\"style-css-av-oqew7-e3225334a8f6d99f9825e699521570a3\">\n.flex_column.av-oqew7-e3225334a8f6d99f9825e699521570a3{\nborder-radius:0px 0px 0px 0px;\npadding:0px 0px 0px 0px;\n}\n<\/style>\n<div  class='flex_column av-oqew7-e3225334a8f6d99f9825e699521570a3 av_one_half  avia-builder-el-10  el_after_av_one_half  avia-builder-el-last  flex_column_table_cell av-equal-height-column av-align-middle av-zero-column-padding  column-top-margin'     ><style type=\"text\/css\" data-created_by=\"avia_inline_auto\" id=\"style-css-av-kjljs32f-a68b5b91495e5a329d2a712b6ab5b9fc\">\n.avia-image-container.av-kjljs32f-a68b5b91495e5a329d2a712b6ab5b9fc img.avia_image{\nbox-shadow:none;\n}\n.avia-image-container.av-kjljs32f-a68b5b91495e5a329d2a712b6ab5b9fc .av-image-caption-overlay-center{\ncolor:#ffffff;\n}\n<\/style>\n<div  class='avia-image-container av-kjljs32f-a68b5b91495e5a329d2a712b6ab5b9fc av-styling- avia-align-center  avia-builder-el-11  avia-builder-el-no-sibling '   itemprop=\"image\" itemscope=\"itemscope\" itemtype=\"https:\/\/schema.org\/ImageObject\" ><div class=\"avia-image-container-inner\"><div class=\"avia-image-overlay-wrap\"><img decoding=\"async\" fetchpriority=\"high\" class='wp-image-3363 avia-img-lazy-loading-not-3363 avia_image ' src=\"https:\/\/www.navitalo.com\/wp-content\/uploads\/2021\/01\/navitalo-out-mission.png\" alt='' title='navitalo-out-mission'  height=\"433\" width=\"800\"  itemprop=\"thumbnailUrl\" srcset=\"https:\/\/www.navitalo.com\/wp-content\/uploads\/2021\/01\/navitalo-out-mission.png 800w, https:\/\/www.navitalo.com\/wp-content\/uploads\/2021\/01\/navitalo-out-mission-300x162.png 300w, https:\/\/www.navitalo.com\/wp-content\/uploads\/2021\/01\/navitalo-out-mission-768x416.png 768w, https:\/\/www.navitalo.com\/wp-content\/uploads\/2021\/01\/navitalo-out-mission-705x382.png 705w\" sizes=\"(max-width: 800px) 100vw, 800px\" \/><\/div><\/div><\/div><\/div><\/div><!--close column table wrapper. Autoclose: 1 -->\n\n<\/div><\/div><\/div><!-- close content main div --><\/div><\/div><div id='av_section_3'  class='avia-section av-ci9xvf-cfd1493cb3b0e5cac442826ff7596ea1 main_color avia-section-default avia-no-border-styling  avia-builder-el-12  el_after_av_section  el_before_av_section  avia-bg-style-scroll container_wrap sidebar_right'  ><div class='container av-section-cont-open' ><div class='template-page content  av-content-small alpha units'><div class='post-entry post-entry-type-page post-entry-4204'><div class='entry-content-wrapper clearfix'>\n\n<style type=\"text\/css\" data-created_by=\"avia_inline_auto\" id=\"style-css-av-aohjiz-913947df84e8fefd2d949bd71aa1234b\">\n.flex_column.av-aohjiz-913947df84e8fefd2d949bd71aa1234b{\nborder-radius:0px 0px 0px 0px;\npadding:0px 0px 0px 0px;\n}\n<\/style>\n<div  class='flex_column av-aohjiz-913947df84e8fefd2d949bd71aa1234b av_one_half  avia-builder-el-13  el_before_av_one_half  avia-builder-el-first  first flex_column_div av-zero-column-padding  '     ><style type=\"text\/css\" data-created_by=\"avia_inline_auto\" id=\"style-css-av-kjswey1x-fd6811b1ed48027362c637525eac86b0\">\n.avia-image-container.av-kjswey1x-fd6811b1ed48027362c637525eac86b0 img.avia_image{\nbox-shadow:none;\n}\n.avia-image-container.av-kjswey1x-fd6811b1ed48027362c637525eac86b0 .av-image-caption-overlay-center{\ncolor:#ffffff;\n}\n<\/style>\n<div  class='avia-image-container av-kjswey1x-fd6811b1ed48027362c637525eac86b0 av-styling- avia-align-center  avia-builder-el-14  avia-builder-el-no-sibling '   itemprop=\"image\" itemscope=\"itemscope\" itemtype=\"https:\/\/schema.org\/ImageObject\" ><div class=\"avia-image-container-inner\"><div class=\"avia-image-overlay-wrap\"><img decoding=\"async\" fetchpriority=\"high\" class='wp-image-3364 avia-img-lazy-loading-not-3364 avia_image ' src=\"https:\/\/www.navitalo.com\/wp-content\/uploads\/2021\/01\/navitalo-quality-assurance.png\" alt='' title='navitalo-quality-assurance'  height=\"514\" width=\"800\"  itemprop=\"thumbnailUrl\" srcset=\"https:\/\/www.navitalo.com\/wp-content\/uploads\/2021\/01\/navitalo-quality-assurance.png 800w, https:\/\/www.navitalo.com\/wp-content\/uploads\/2021\/01\/navitalo-quality-assurance-300x193.png 300w, https:\/\/www.navitalo.com\/wp-content\/uploads\/2021\/01\/navitalo-quality-assurance-768x493.png 768w, https:\/\/www.navitalo.com\/wp-content\/uploads\/2021\/01\/navitalo-quality-assurance-705x453.png 705w\" sizes=\"(max-width: 800px) 100vw, 800px\" \/><\/div><\/div><\/div><\/div>\n<style type=\"text\/css\" data-created_by=\"avia_inline_auto\" id=\"style-css-av-69ky63-4b72cc15602eba3014d3bb1a6ad8284e\">\n.flex_column.av-69ky63-4b72cc15602eba3014d3bb1a6ad8284e{\nborder-radius:0px 0px 0px 0px;\npadding:0px 0px 0px 0px;\n}\n<\/style>\n<div  id=\"qualityassurance\"  class='flex_column av-69ky63-4b72cc15602eba3014d3bb1a6ad8284e av_one_half  avia-builder-el-15  el_after_av_one_half  avia-builder-el-last  flex_column_div av-zero-column-padding  '     ><p>\n<style type=\"text\/css\" data-created_by=\"avia_inline_auto\" id=\"style-css-av-2zf47g-e299223d36caa3905b9cce69321c5463\">\n#top .av-special-heading.av-2zf47g-e299223d36caa3905b9cce69321c5463{\npadding-bottom:10px;\n}\nbody .av-special-heading.av-2zf47g-e299223d36caa3905b9cce69321c5463 .av-special-heading-tag .heading-char{\nfont-size:25px;\n}\n.av-special-heading.av-2zf47g-e299223d36caa3905b9cce69321c5463 .av-subheading{\nfont-size:15px;\n}\n<\/style>\n<div  class='av-special-heading av-2zf47g-e299223d36caa3905b9cce69321c5463 av-special-heading-h2 blockquote modern-quote  avia-builder-el-16  el_before_av_textblock  avia-builder-el-first '><h2 class='av-special-heading-tag '  itemprop=\"headline\"  >Qualit\u00e4tskontrolle<\/h2><div class=\"special-heading-border\"><div class=\"special-heading-inner-border\"><\/div><\/div><\/div><br \/>\n<section  class='av_textblock_section av-kghyypzh-2-f93807ff39e1d015c5d90a1c8fdf3739 '   itemscope=\"itemscope\" itemtype=\"https:\/\/schema.org\/CreativeWork\" ><div class='avia_textblock'  itemprop=\"text\" ><p>Qualit\u00e4t ist nicht nur ein Wort oder eine Aufgabe. Wir bei naVitalo wissen, welchen Anspruch wir an uns selbst und unsere Lieferanten haben. Daf\u00fcr geben wir Ihnen unser Qualit\u00e4tsversprechen. Standardm\u00e4\u00dfige Selbstkontrollen sind daf\u00fcr ein wichtiger Baustein. Ein weiterer, dass sowohl wir als auch unsere Partner regelm\u00e4\u00dfig von externen Instituten und durch uns selber gepr\u00fcft und auditiert werden. Des Weiteren sind wir im st\u00e4ndigen Austausch mit unseren Partnern und in regelm\u00e4\u00dfigen Abst\u00e4nden auch vor Ort. Denn nur, wer sich hinterfragt und miteinander spricht, kann sich verbessern.<\/p>\n<p>Herzlich laden wir auch Sie ein, mit Ihren konstruktiven Anregungen zur t\u00e4glichen Verbesserung beizutragen.<\/p>\n<p>Gleiches gilt f\u00fcr unsere nachhaltig angebauten Rohstoffe, die Lieferketten und Prozesse bis hin zum veredelten Produkt. Diese werden sowohl in unseren hauseigenen Laboren gepr\u00fcft und von externen, zertifizierten Laboren analysiert. Qualit\u00e4t f\u00e4ngt bereits beim Anbau an, bleibt ein st\u00e4ndiger Begleiter von der Produktion bis zur Auslieferung und dem Kundenservice \u2013 auch w\u00e4hrend und nach einem abgeschlossenen Projekt.<\/p>\n<p><strong>Qualit\u00e4t hei\u00dft Verantwortung!<\/strong><\/p>\n<\/div><\/section><\/p><\/div>\n\n<\/div><\/div><\/div><!-- close content main div --><\/div><\/div>\n<style type=\"text\/css\" data-created_by=\"avia_inline_auto\" id=\"style-css-av-3tuxwb-48657cc9a31dd9d101f8eb9a2b6b2407\">\n.avia-section.av-3tuxwb-48657cc9a31dd9d101f8eb9a2b6b2407{\nbackground-color:#f9f9fc;\nbackground-image:unset;\n}\n<\/style>\n<div id='certificates'  class='avia-section av-3tuxwb-48657cc9a31dd9d101f8eb9a2b6b2407 main_color avia-section-default avia-no-border-styling  avia-builder-el-18  el_after_av_section  avia-builder-el-last  avia-bg-style-scroll container_wrap sidebar_right'  ><div class='container av-section-cont-open' ><div class='template-page content  av-content-small alpha units'><div class='post-entry post-entry-type-page post-entry-4204'><div class='entry-content-wrapper clearfix'>\n\n<style type=\"text\/css\" data-created_by=\"avia_inline_auto\" id=\"style-css-av-5yipqz-03695c11d3298a319eb6e3d0659a4d46\">\n.flex_column.av-5yipqz-03695c11d3298a319eb6e3d0659a4d46{\nborder-radius:0px 0px 0px 0px;\npadding:0px 0px 0px 0px;\n}\n<\/style>\n<div  class='flex_column av-5yipqz-03695c11d3298a319eb6e3d0659a4d46 av_one_fifth  avia-builder-el-19  el_before_av_three_fifth  avia-builder-el-first  first flex_column_div av-zero-column-padding  '     ><\/div>\n<style type=\"text\/css\" data-created_by=\"avia_inline_auto\" id=\"style-css-av-3jtcx7-67cb6bd25bf672c8e6caa0b425be876e\">\n.flex_column.av-3jtcx7-67cb6bd25bf672c8e6caa0b425be876e{\nborder-radius:0px 0px 0px 0px;\npadding:0px 0px 0px 0px;\n}\n<\/style>\n<div  class='flex_column av-3jtcx7-67cb6bd25bf672c8e6caa0b425be876e av_three_fifth  avia-builder-el-20  el_after_av_one_fifth  el_before_av_one_fifth  flex_column_div av-zero-column-padding  '     ><p>\n<style type=\"text\/css\" data-created_by=\"avia_inline_auto\" id=\"style-css-av-kkmggejb-b0a84e1d3c2612a4a9c37e814c67a997\">\n#top .av-special-heading.av-kkmggejb-b0a84e1d3c2612a4a9c37e814c67a997{\npadding-bottom:10px;\n}\nbody .av-special-heading.av-kkmggejb-b0a84e1d3c2612a4a9c37e814c67a997 .av-special-heading-tag .heading-char{\nfont-size:25px;\n}\n.av-special-heading.av-kkmggejb-b0a84e1d3c2612a4a9c37e814c67a997 .av-subheading{\nfont-size:15px;\n}\n<\/style>\n<div  class='av-special-heading av-kkmggejb-b0a84e1d3c2612a4a9c37e814c67a997 av-special-heading-h2 blockquote modern-quote modern-centered  avia-builder-el-21  el_before_av_partner  avia-builder-el-first '><h2 class='av-special-heading-tag '  itemprop=\"headline\"  > Zertifikate<\/h2><div class=\"special-heading-border\"><div class=\"special-heading-inner-border\"><\/div><\/div><\/div><br \/>\n<div  class='avia-logo-element-container av-kioz76t1-cf300d54a369c8b59335254071144aa2 av-border-deactivate avia-logo-grid avia-content-slider avia-smallarrow-slider avia-content-grid-active noHover avia-content-slider-even  avia-builder-el-22  el_after_av_heading  avia-builder-el-last  certificates avia-content-slider1' ><div class='avia-smallarrow-slider-heading  no-logo-slider-heading '><div class='new-special-heading'>&nbsp;<\/div><\/div><div class=\"avia-content-slider-inner\"><div class=\"slide-entry-wrap\"><div  class='slide-entry av-58as9n-f2bf2cec0a2fdf1bc9b08f878e5f20bf flex_column no_margin av_one_fourth real-thumbnail post-entry slide-entry-overview slide-loop-1 slide-parity-odd  first'><span class='av-partner-fake-img' style='padding-bottom:96%; background-image:url(https:\/\/www.navitalo.com\/wp-content\/uploads\/2020\/12\/navitalo-plant-based-food-ingredients-eu-bio.png);'><\/span><\/div><div  class='slide-entry av-37b1i3-2344f0d37a3a1bb95a0bff60cc70025b flex_column no_margin av_one_fourth real-thumbnail post-entry slide-entry-overview slide-loop-2 slide-parity-even  '><span class='av-partner-fake-img' style='padding-bottom:96%; background-image:url(https:\/\/www.navitalo.com\/wp-content\/uploads\/2020\/12\/navitalo-plant-based-food-ingredients-naturland.png);'><\/span><\/div><div  class='slide-entry av-2jtrvg-d09a9e3adf4adaf5daf77655b99d6168 flex_column no_margin av_one_fourth real-thumbnail post-entry slide-entry-overview slide-loop-3 slide-parity-odd post-entry-last '><span class='av-partner-fake-img' style='padding-bottom:96%; background-image:url(https:\/\/www.navitalo.com\/wp-content\/uploads\/2023\/03\/navitalo-plant-based-food-ingredients-ifs-broker-zertifikat.png);'><\/span><\/div><\/div><\/div><\/div><\/p><\/div>\n<style type=\"text\/css\" data-created_by=\"avia_inline_auto\" id=\"style-css-av-2vfvez-d7a4980af305eaae583311eb28982ce5\">\n.flex_column.av-2vfvez-d7a4980af305eaae583311eb28982ce5{\nborder-radius:0px 0px 0px 0px;\npadding:0px 0px 0px 0px;\n}\n<\/style>\n<div  class='flex_column av-2vfvez-d7a4980af305eaae583311eb28982ce5 av_one_fifth  avia-builder-el-23  el_after_av_three_fifth  avia-builder-el-last  flex_column_div av-zero-column-padding  '     ><\/div><\/div><\/div><\/div><!-- close content main div --><\/div><\/div><div id='after_section_4'  class='main_color av_default_container_wrap container_wrap sidebar_right'  ><div class='container av-section-cont-open' ><div class='template-page content  av-content-small alpha units'><div class='post-entry post-entry-type-page post-entry-4204'><div class='entry-content-wrapper clearfix'>\n","protected":false},"excerpt":{"rendered":"","protected":false},"author":2,"featured_media":0,"parent":0,"menu_order":0,"comment_status":"closed","ping_status":"closed","template":"","meta":{"footnotes":""},"class_list":["post-4204","page","type-page","status-publish","hentry"],"yoast_head":"<!-- This site is optimized with the Yoast SEO plugin v27.5 - https:\/\/yoast.com\/product\/yoast-seo-wordpress\/ -->\n<title>\u00dcber naVitalo | pflanzliche Lebensmittelzutaten | Gro\u00dfhandel &amp; H\u00e4ndler<\/title>\n<meta name=\"description\" content=\"\u00dcber naVitalo | naVitalo | Gro\u00dfhandel &amp; H\u00e4ndler von pflanzlichen Nahrungsmitteln | Jetzt mehr erfahren\" \/>\n<meta name=\"robots\" content=\"index, follow, max-snippet:-1, max-image-preview:large, max-video-preview:-1\" \/>\n<link rel=\"canonical\" href=\"https:\/\/www.navitalo.com\/de\/ueber-uns\/\" \/>\n<meta property=\"og:locale\" content=\"de_DE\" \/>\n<meta property=\"og:type\" content=\"article\" \/>\n<meta property=\"og:title\" content=\"\u00dcber naVitalo | pflanzliche Lebensmittelzutaten | Gro\u00dfhandel &amp; H\u00e4ndler\" \/>\n<meta property=\"og:description\" content=\"\u00dcber naVitalo | naVitalo | Gro\u00dfhandel &amp; H\u00e4ndler von pflanzlichen Nahrungsmitteln | Jetzt mehr erfahren\" \/>\n<meta property=\"og:url\" content=\"https:\/\/www.navitalo.com\/de\/ueber-uns\/\" \/>\n<meta property=\"og:site_name\" content=\"naVitalo\" \/>\n<meta property=\"article:modified_time\" content=\"2026-02-17T12:12:46+00:00\" \/>\n<meta name=\"twitter:card\" content=\"summary_large_image\" \/>\n<meta name=\"twitter:label1\" content=\"Gesch\u00e4tzte Lesezeit\" \/>\n\t<meta name=\"twitter:data1\" content=\"3\u00a0Minuten\" \/>\n<script type=\"application\/ld+json\" class=\"yoast-schema-graph\">{\"@context\":\"https:\\\/\\\/schema.org\",\"@graph\":[{\"@type\":\"WebPage\",\"@id\":\"https:\\\/\\\/www.navitalo.com\\\/de\\\/ueber-uns\\\/\",\"url\":\"https:\\\/\\\/www.navitalo.com\\\/de\\\/ueber-uns\\\/\",\"name\":\"\u00dcber naVitalo | pflanzliche Lebensmittelzutaten | Gro\u00dfhandel & H\u00e4ndler\",\"isPartOf\":{\"@id\":\"https:\\\/\\\/www.navitalo.com\\\/de\\\/#website\"},\"datePublished\":\"2020-11-27T11:08:29+00:00\",\"dateModified\":\"2026-02-17T12:12:46+00:00\",\"description\":\"\u00dcber naVitalo | naVitalo | Gro\u00dfhandel & H\u00e4ndler von pflanzlichen Nahrungsmitteln | Jetzt mehr erfahren\",\"breadcrumb\":{\"@id\":\"https:\\\/\\\/www.navitalo.com\\\/de\\\/ueber-uns\\\/#breadcrumb\"},\"inLanguage\":\"de\",\"potentialAction\":[{\"@type\":\"ReadAction\",\"target\":[\"https:\\\/\\\/www.navitalo.com\\\/de\\\/ueber-uns\\\/\"]}]},{\"@type\":\"BreadcrumbList\",\"@id\":\"https:\\\/\\\/www.navitalo.com\\\/de\\\/ueber-uns\\\/#breadcrumb\",\"itemListElement\":[{\"@type\":\"ListItem\",\"position\":1,\"name\":\"Home\",\"item\":\"https:\\\/\\\/www.navitalo.com\\\/de\\\/\"},{\"@type\":\"ListItem\",\"position\":2,\"name\":\"\u00dcber uns\"}]},{\"@type\":\"WebSite\",\"@id\":\"https:\\\/\\\/www.navitalo.com\\\/de\\\/#website\",\"url\":\"https:\\\/\\\/www.navitalo.com\\\/de\\\/\",\"name\":\"naVitalo\",\"description\":\"Specialist in natural Sweeteners, plant-based Milk Powders &amp; Proteins\",\"potentialAction\":[{\"@type\":\"SearchAction\",\"target\":{\"@type\":\"EntryPoint\",\"urlTemplate\":\"https:\\\/\\\/www.navitalo.com\\\/de\\\/?s={search_term_string}\"},\"query-input\":{\"@type\":\"PropertyValueSpecification\",\"valueRequired\":true,\"valueName\":\"search_term_string\"}}],\"inLanguage\":\"de\"}]}<\/script>\n<!-- \/ Yoast SEO plugin. -->","yoast_head_json":{"title":"\u00dcber naVitalo | pflanzliche Lebensmittelzutaten | Gro\u00dfhandel & H\u00e4ndler","description":"\u00dcber naVitalo | naVitalo | Gro\u00dfhandel & H\u00e4ndler von pflanzlichen Nahrungsmitteln | Jetzt mehr erfahren","robots":{"index":"index","follow":"follow","max-snippet":"max-snippet:-1","max-image-preview":"max-image-preview:large","max-video-preview":"max-video-preview:-1"},"canonical":"https:\/\/www.navitalo.com\/de\/ueber-uns\/","og_locale":"de_DE","og_type":"article","og_title":"\u00dcber naVitalo | pflanzliche Lebensmittelzutaten | Gro\u00dfhandel & H\u00e4ndler","og_description":"\u00dcber naVitalo | naVitalo | Gro\u00dfhandel & H\u00e4ndler von pflanzlichen Nahrungsmitteln | Jetzt mehr erfahren","og_url":"https:\/\/www.navitalo.com\/de\/ueber-uns\/","og_site_name":"naVitalo","article_modified_time":"2026-02-17T12:12:46+00:00","twitter_card":"summary_large_image","twitter_misc":{"Gesch\u00e4tzte Lesezeit":"3\u00a0Minuten"},"schema":{"@context":"https:\/\/schema.org","@graph":[{"@type":"WebPage","@id":"https:\/\/www.navitalo.com\/de\/ueber-uns\/","url":"https:\/\/www.navitalo.com\/de\/ueber-uns\/","name":"\u00dcber naVitalo | pflanzliche Lebensmittelzutaten | Gro\u00dfhandel & H\u00e4ndler","isPartOf":{"@id":"https:\/\/www.navitalo.com\/de\/#website"},"datePublished":"2020-11-27T11:08:29+00:00","dateModified":"2026-02-17T12:12:46+00:00","description":"\u00dcber naVitalo | naVitalo | Gro\u00dfhandel & H\u00e4ndler von pflanzlichen Nahrungsmitteln | Jetzt mehr erfahren","breadcrumb":{"@id":"https:\/\/www.navitalo.com\/de\/ueber-uns\/#breadcrumb"},"inLanguage":"de","potentialAction":[{"@type":"ReadAction","target":["https:\/\/www.navitalo.com\/de\/ueber-uns\/"]}]},{"@type":"BreadcrumbList","@id":"https:\/\/www.navitalo.com\/de\/ueber-uns\/#breadcrumb","itemListElement":[{"@type":"ListItem","position":1,"name":"Home","item":"https:\/\/www.navitalo.com\/de\/"},{"@type":"ListItem","position":2,"name":"\u00dcber uns"}]},{"@type":"WebSite","@id":"https:\/\/www.navitalo.com\/de\/#website","url":"https:\/\/www.navitalo.com\/de\/","name":"naVitalo","description":"Specialist in natural Sweeteners, plant-based Milk Powders &amp; Proteins","potentialAction":[{"@type":"SearchAction","target":{"@type":"EntryPoint","urlTemplate":"https:\/\/www.navitalo.com\/de\/?s={search_term_string}"},"query-input":{"@type":"PropertyValueSpecification","valueRequired":true,"valueName":"search_term_string"}}],"inLanguage":"de"}]}},"_links":{"self":[{"href":"https:\/\/www.navitalo.com\/de\/wp-json\/wp\/v2\/pages\/4204","targetHints":{"allow":["GET"]}}],"collection":[{"href":"https:\/\/www.navitalo.com\/de\/wp-json\/wp\/v2\/pages"}],"about":[{"href":"https:\/\/www.navitalo.com\/de\/wp-json\/wp\/v2\/types\/page"}],"author":[{"embeddable":true,"href":"https:\/\/www.navitalo.com\/de\/wp-json\/wp\/v2\/users\/2"}],"replies":[{"embeddable":true,"href":"https:\/\/www.navitalo.com\/de\/wp-json\/wp\/v2\/comments?post=4204"}],"version-history":[{"count":4,"href":"https:\/\/www.navitalo.com\/de\/wp-json\/wp\/v2\/pages\/4204\/revisions"}],"predecessor-version":[{"id":10589,"href":"https:\/\/www.navitalo.com\/de\/wp-json\/wp\/v2\/pages\/4204\/revisions\/10589"}],"wp:attachment":[{"href":"https:\/\/www.navitalo.com\/de\/wp-json\/wp\/v2\/media?parent=4204"}],"curies":[{"name":"wp","href":"https:\/\/api.w.org\/{rel}","templated":true}]}}