{"id":4229,"date":"2021-01-14T13:59:56","date_gmt":"2021-01-14T13:59:56","guid":{"rendered":"https:\/\/www.navitalo.com\/products\/natural-sweeteners\/"},"modified":"2021-10-14T14:46:38","modified_gmt":"2021-10-14T14:46:38","slug":"natuerliche-suessungsmittel","status":"publish","type":"page","link":"https:\/\/www.navitalo.com\/de\/produkte\/natuerliche-suessungsmittel\/","title":{"rendered":"Nat\u00fcrliche S\u00fc\u00dfungsmittel"},"content":{"rendered":"\n<style type=\"text\/css\" data-created_by=\"avia_inline_auto\" id=\"style-css-av-1b8yof-aef4cf5dd94329f922429d4b6eb1769d\">\n.avia-section.av-1b8yof-aef4cf5dd94329f922429d4b6eb1769d .av-section-color-overlay{\nopacity:0.5;\nbackground-color:#ffffff;\n}\n<\/style>\n<div id='av_section_1'  class='avia-section av-1b8yof-aef4cf5dd94329f922429d4b6eb1769d main_color avia-section-default avia-no-border-styling  avia-builder-el-0  el_before_av_section  avia-builder-el-first  avia-bg-style-scroll av-section-color-overlay-active av-minimum-height av-minimum-height-custom av-height-custom  av-section-with-video-bg container_wrap sidebar_right'   data-av_minimum_height_px='405' data-section-video-ratio='16:9'><div  class='avia-slideshow av_slideshow_obj-1-6a026ffa0a872 avia-slideshow-featured av_slideshow avia-slide-slider av-slideshow-ui av-control-default av-slideshow-manual av-loop-once av-loop-manual-endless av-default-height-applied  av-section-video-bg avia-slideshow-1' data-slideshow-options=\"{&quot;animation&quot;:&quot;slide&quot;,&quot;autoplay&quot;:false,&quot;loop_autoplay&quot;:&quot;once&quot;,&quot;interval&quot;:5,&quot;loop_manual&quot;:&quot;manual-endless&quot;,&quot;autoplay_stopper&quot;:false,&quot;noNavigation&quot;:false,&quot;bg_slider&quot;:false,&quot;keep_padding&quot;:false,&quot;hoverpause&quot;:false,&quot;show_slide_delay&quot;:0}\"  itemprop=\"image\" itemscope=\"itemscope\" itemtype=\"https:\/\/schema.org\/ImageObject\" ><ul class='avia-slideshow-inner ' style='padding-bottom: 28.666666666667%;'><li  data-controls='disabled' data-mute='aviaTBaviaTBvideo_mute' data-loop='1' data-disable-autoplay=''  data-video-ratio='1.7777777777778' class='avia-slideshow-slide av_slideshow_obj-1-6a026ffa0a872__0  av-video-slide  av-video-service-html5  av-hide-video-controls av-mute-video av-loop-video  av-single-slide slide-1 slide-odd'><div data-rel='slideshow-1' class='avia-slide-wrap '    itemprop=\"video\" itemtype=\"https:\/\/schema.org\/VideoObject\" ><div class='av-click-overlay'><\/div><video class='avia_video'  autoplay playsinline loop preload=\"metadata\" muted  id='player_4229_692815166_1084214518'><source src=\"https:\/\/www.navitalo.com\/wp-content\/uploads\/2021\/01\/navitalo-natural-sweetener-video.mp4\" type=\"video\/mp4\" \/><\/video><div class=\"av-click-to-play-overlay\"><div class=\"avia_playpause_icon\"><\/div><\/div><\/div><\/li><\/ul><\/div><div class=\"av-section-color-overlay-wrap\"><div class=\"av-section-color-overlay\"><\/div><div class='container av-section-cont-open' style='height:405px'><main  role=\"main\" itemprop=\"mainContentOfPage\"  class='template-page content  av-content-small alpha units'><div class='post-entry post-entry-type-page post-entry-4229'><div class='entry-content-wrapper clearfix'>\n\n<style type=\"text\/css\" data-created_by=\"avia_inline_auto\" id=\"style-css-av-4nzpnr-6762c7731044dda1801f40735e9b0789\">\n.flex_column.av-4nzpnr-6762c7731044dda1801f40735e9b0789{\nborder-radius:0px 0px 0px 0px;\npadding:0px 0px 0px 0px;\n}\n<\/style>\n<div  class='flex_column av-4nzpnr-6762c7731044dda1801f40735e9b0789 av_one_half  avia-builder-el-1  el_before_av_one_half  avia-builder-el-first  first flex_column_div av-zero-column-padding  '     ><p>\n<style type=\"text\/css\" data-created_by=\"avia_inline_auto\" id=\"style-css-av-av_heading-13b4458afea67e94d741e9ded0b3f9d6\">\n#top .av-special-heading.av-av_heading-13b4458afea67e94d741e9ded0b3f9d6{\npadding-bottom:10px;\nfont-size:50px;\n}\nbody .av-special-heading.av-av_heading-13b4458afea67e94d741e9ded0b3f9d6 .av-special-heading-tag .heading-char{\nfont-size:25px;\n}\n#top #wrap_all .av-special-heading.av-av_heading-13b4458afea67e94d741e9ded0b3f9d6 .av-special-heading-tag{\nfont-size:50px;\n}\n.av-special-heading.av-av_heading-13b4458afea67e94d741e9ded0b3f9d6 .av-subheading{\nfont-size:15px;\n}\n\n@media only screen and (min-width: 480px) and (max-width: 767px){ \n#top #wrap_all .av-special-heading.av-av_heading-13b4458afea67e94d741e9ded0b3f9d6 .av-special-heading-tag{\nfont-size:0.8em;\n}\n}\n\n@media only screen and (max-width: 479px){ \n#top #wrap_all .av-special-heading.av-av_heading-13b4458afea67e94d741e9ded0b3f9d6 .av-special-heading-tag{\nfont-size:0.8em;\n}\n}\n<\/style>\n<div  class='av-special-heading av-av_heading-13b4458afea67e94d741e9ded0b3f9d6 av-special-heading-h1 blockquote modern-quote  avia-builder-el-2  el_before_av_textblock  avia-builder-el-first  av-inherit-size'><h1 class='av-special-heading-tag '  itemprop=\"headline\"  >Nat\u00fcrliche S\u00fc\u00dfungsmittel<\/h1><div class=\"special-heading-border\"><div class=\"special-heading-inner-border\"><\/div><\/div><\/div><br \/>\n<section  class='av_textblock_section av-kghyypzh-789fd0392e1987f9a28ea6e4683905a4 '   itemscope=\"itemscope\" itemtype=\"https:\/\/schema.org\/CreativeWork\" ><div class='avia_textblock'  itemprop=\"text\" ><p>naVitalo bietet eine gro\u00dfe Auswahl an nat\u00fcrlichen Sirupen aus Reis, Hafer und Tapioka. Alle unsere Sirupe sind auf pflanzlicher Basis, GMO-frei, allergenfrei, glutenfrei, vegan und werden in einem nat\u00fcrlichen Herstellungsprozess gewonnen. Des Weiteren bieten unsere Sirupe &#8211; S\u00fc\u00dfe, Struktur, Viskosit\u00e4t und verl\u00e4ngern die Haltbarkeit in Cerealien Riegel, Backwaren, S\u00fc\u00dfwaren, Joghurt, Desserts und weiteren Lebensmittelanwendungen.<\/p>\n<\/div><\/section><\/p><\/div>\n<style type=\"text\/css\" data-created_by=\"avia_inline_auto\" id=\"style-css-av-26z707-69f9e879b88daf1e8f35d055084ec9bc\">\n.flex_column.av-26z707-69f9e879b88daf1e8f35d055084ec9bc{\nborder-radius:0px 0px 0px 0px;\npadding:0px 0px 0px 0px;\n}\n<\/style>\n<div  class='flex_column av-26z707-69f9e879b88daf1e8f35d055084ec9bc av_one_half  avia-builder-el-4  el_after_av_one_half  avia-builder-el-last  flex_column_div av-zero-column-padding  '     ><\/div><\/div><\/div><\/main><!-- close content main element --><\/div><\/div><\/div><div id='av_section_2'  class='avia-section av-1b8yof-414d2f28621e64aa82fc4e483eaaf52e main_color avia-section-large avia-no-border-styling  avia-builder-el-5  el_after_av_section  avia-builder-el-last  product-column avia-bg-style-scroll av-minimum-height av-minimum-height-custom av-height-custom  container_wrap sidebar_right'  ><div class='container av-section-cont-open' ><div class='template-page content  av-content-small alpha units'><div class='post-entry post-entry-type-page post-entry-4229'><div class='entry-content-wrapper clearfix'>\n\n<style type=\"text\/css\" data-created_by=\"avia_inline_auto\" id=\"style-css-av-kjwoiwbh-043525062a032cd431e8015735707804\">\n#top .hr.hr-invisible.av-kjwoiwbh-043525062a032cd431e8015735707804{\nheight:30px;\n}\n<\/style>\n<div  class='hr av-kjwoiwbh-043525062a032cd431e8015735707804 hr-invisible  avia-builder-el-6  el_before_av_one_third  avia-builder-el-first '><span class='hr-inner '><span class=\"hr-inner-style\"><\/span><\/span><\/div>\n<div class='flex_column_table av-kghwj2pe-0610e1b93ab227e28039c28c66c7b1e6 sc-av_one_third av-equal-height-column-flextable'>\n<style type=\"text\/css\" data-created_by=\"avia_inline_auto\" id=\"style-css-av-kghwj2pe-0610e1b93ab227e28039c28c66c7b1e6\">\n.flex_column.av-kghwj2pe-0610e1b93ab227e28039c28c66c7b1e6{\nborder-radius:0px 0px 0px 0px;\npadding:0px 20px 20px 20px;\nbackground-color:#f6f5f2;\n}\n<\/style>\n<div  id=\"product-list\"  class='flex_column av-kghwj2pe-0610e1b93ab227e28039c28c66c7b1e6 av_one_third  avia-builder-el-7  el_after_av_hr  el_before_av_one_third  column-bottom first flex_column_table_cell av-equal-height-column av-align-top  '     ><p>\n<style type=\"text\/css\" data-created_by=\"avia_inline_auto\" id=\"style-css-av-kghzufhp-abe795a55a3446bf6ee42bbc0a94761a\">\n.avia-image-container.av-kghzufhp-abe795a55a3446bf6ee42bbc0a94761a img.avia_image{\nbox-shadow:none;\n}\n.avia-image-container.av-kghzufhp-abe795a55a3446bf6ee42bbc0a94761a .av-image-caption-overlay-center{\ncolor:#ffffff;\n}\n<\/style>\n<div  class='avia-image-container av-kghzufhp-abe795a55a3446bf6ee42bbc0a94761a av-styling-circle av-img-linked avia-align-center  avia-builder-el-8  el_before_av_hr  avia-builder-el-first  effect7'   itemprop=\"image\" itemscope=\"itemscope\" itemtype=\"https:\/\/schema.org\/ImageObject\" ><div class=\"avia-image-container-inner\"><div class=\"avia-image-overlay-wrap\"><a href=\"https:\/\/www.navitalo.com\/products\/natural-sweeteners\/rice-syrup\/\" class='avia_image '  aria-label='navitalo-natural-sweeteners'><img decoding=\"async\" fetchpriority=\"high\" class='wp-image-3256 avia-img-lazy-loading-not-3256 avia_image ' src=\"https:\/\/www.navitalo.com\/wp-content\/uploads\/2020\/12\/navitalo-natural-sweeteners.png\" alt='' title='navitalo-natural-sweeteners'  height=\"800\" width=\"800\"  itemprop=\"thumbnailUrl\" srcset=\"https:\/\/www.navitalo.com\/wp-content\/uploads\/2020\/12\/navitalo-natural-sweeteners.png 800w, https:\/\/www.navitalo.com\/wp-content\/uploads\/2020\/12\/navitalo-natural-sweeteners-300x300.png 300w, https:\/\/www.navitalo.com\/wp-content\/uploads\/2020\/12\/navitalo-natural-sweeteners-80x80.png 80w, https:\/\/www.navitalo.com\/wp-content\/uploads\/2020\/12\/navitalo-natural-sweeteners-768x768.png 768w, https:\/\/www.navitalo.com\/wp-content\/uploads\/2020\/12\/navitalo-natural-sweeteners-36x36.png 36w, https:\/\/www.navitalo.com\/wp-content\/uploads\/2020\/12\/navitalo-natural-sweeteners-180x180.png 180w, https:\/\/www.navitalo.com\/wp-content\/uploads\/2020\/12\/navitalo-natural-sweeteners-705x705.png 705w\" sizes=\"(max-width: 800px) 100vw, 800px\" \/><\/a><\/div><\/div><\/div><br \/>\n\n<style type=\"text\/css\" data-created_by=\"avia_inline_auto\" id=\"style-css-av-khew3xc5-310c16b5f2ab722d0d3b0c17d6f293ef\">\n#top .hr.hr-invisible.av-khew3xc5-310c16b5f2ab722d0d3b0c17d6f293ef{\nheight:20px;\n}\n<\/style>\n<div  class='hr av-khew3xc5-310c16b5f2ab722d0d3b0c17d6f293ef hr-invisible  avia-builder-el-9  el_after_av_image  el_before_av_textblock '><span class='hr-inner '><span class=\"hr-inner-style\"><\/span><\/span><\/div><br \/>\n<section  class='av_textblock_section av-imi87-5e2d8ff7a0b0a423b9f172820786a195 '   itemscope=\"itemscope\" itemtype=\"https:\/\/schema.org\/CreativeWork\" ><div class='avia_textblock check-list'  itemprop=\"text\" ><h2 style=\"text-align: center;\"><a href=\"\/products\/natural-sweeteners\/rice-syrup\/\">Reissirup<\/a><\/h2>\n<\/div><\/section><br \/>\n<div  class='avia-button-wrap av-kgi236dr-18cb88db905247732bd5b2d21a6070d3-wrap avia-button-center  avia-builder-el-11  el_after_av_textblock  avia-builder-el-last '><a href='https:\/\/www.navitalo.com\/de\/produkte\/natuerliche-suessungsmittel\/reissirup\/'  class='avia-button av-kgi236dr-18cb88db905247732bd5b2d21a6070d3 av-link-btn avia-icon_select-no avia-size-medium avia-position-center avia-color-dark'   aria-label=\"Mehr\"><span class='avia_iconbox_title' >Mehr<\/span><\/a><\/div><\/p><\/div><div class='av-flex-placeholder'><\/div>\n<style type=\"text\/css\" data-created_by=\"avia_inline_auto\" id=\"style-css-av-kghwjl6z-e77d5ee76d0f63ac62fd704ee352e504\">\n.flex_column.av-kghwjl6z-e77d5ee76d0f63ac62fd704ee352e504{\nborder-radius:0px 0px 0px 0px;\npadding:0px 20px 0px 20px;\nbackground-color:#f6f5f2;\n}\n<\/style>\n<div  id=\"product-list\"  class='flex_column av-kghwjl6z-e77d5ee76d0f63ac62fd704ee352e504 av_one_third  avia-builder-el-12  el_after_av_one_third  el_before_av_one_third  column-bottom flex_column_table_cell av-equal-height-column av-align-top  '     ><p>\n<style type=\"text\/css\" data-created_by=\"avia_inline_auto\" id=\"style-css-av-kghzufhp-c9b54ef26cf9e89056b29b6f150e0958\">\n.avia-image-container.av-kghzufhp-c9b54ef26cf9e89056b29b6f150e0958 img.avia_image{\nbox-shadow:none;\n}\n.avia-image-container.av-kghzufhp-c9b54ef26cf9e89056b29b6f150e0958 .av-image-caption-overlay-center{\ncolor:#ffffff;\n}\n<\/style>\n<div  class='avia-image-container av-kghzufhp-c9b54ef26cf9e89056b29b6f150e0958 av-styling-circle av-img-linked avia-align-center  avia-builder-el-13  el_before_av_hr  avia-builder-el-first  effect7'   itemprop=\"image\" itemscope=\"itemscope\" itemtype=\"https:\/\/schema.org\/ImageObject\" ><div class=\"avia-image-container-inner\"><div class=\"avia-image-overlay-wrap\"><a href=\"https:\/\/www.navitalo.com\/products\/natural-sweeteners\/tapioca-syrup\/\" class='avia_image '  aria-label='navitalo-vegan-tapioca-syrup'><img decoding=\"async\" fetchpriority=\"high\" class='wp-image-3274 avia-img-lazy-loading-not-3274 avia_image ' src=\"https:\/\/www.navitalo.com\/wp-content\/uploads\/2020\/12\/navitalo-vegan-tapioca-syrup.png\" alt='' title='navitalo-vegan-tapioca-syrup'  height=\"800\" width=\"800\"  itemprop=\"thumbnailUrl\" srcset=\"https:\/\/www.navitalo.com\/wp-content\/uploads\/2020\/12\/navitalo-vegan-tapioca-syrup.png 800w, https:\/\/www.navitalo.com\/wp-content\/uploads\/2020\/12\/navitalo-vegan-tapioca-syrup-300x300.png 300w, https:\/\/www.navitalo.com\/wp-content\/uploads\/2020\/12\/navitalo-vegan-tapioca-syrup-80x80.png 80w, https:\/\/www.navitalo.com\/wp-content\/uploads\/2020\/12\/navitalo-vegan-tapioca-syrup-768x768.png 768w, https:\/\/www.navitalo.com\/wp-content\/uploads\/2020\/12\/navitalo-vegan-tapioca-syrup-36x36.png 36w, https:\/\/www.navitalo.com\/wp-content\/uploads\/2020\/12\/navitalo-vegan-tapioca-syrup-180x180.png 180w, https:\/\/www.navitalo.com\/wp-content\/uploads\/2020\/12\/navitalo-vegan-tapioca-syrup-705x705.png 705w\" sizes=\"(max-width: 800px) 100vw, 800px\" \/><\/a><\/div><\/div><\/div><br \/>\n\n<style type=\"text\/css\" data-created_by=\"avia_inline_auto\" id=\"style-css-av-khew3xc5-310c16b5f2ab722d0d3b0c17d6f293ef\">\n#top .hr.hr-invisible.av-khew3xc5-310c16b5f2ab722d0d3b0c17d6f293ef{\nheight:20px;\n}\n<\/style>\n<div  class='hr av-khew3xc5-310c16b5f2ab722d0d3b0c17d6f293ef hr-invisible  avia-builder-el-14  el_after_av_image  el_before_av_textblock '><span class='hr-inner '><span class=\"hr-inner-style\"><\/span><\/span><\/div><br \/>\n<section  class='av_textblock_section av-imi87-345bb772ec2b4e3e051de939abb008b2 '   itemscope=\"itemscope\" itemtype=\"https:\/\/schema.org\/CreativeWork\" ><div class='avia_textblock check-list'  itemprop=\"text\" ><h2 style=\"text-align: center;\"><a href=\"\/products\/natural-sweeteners\/tapioca-syrup\/\">Tapiokasirup<\/a><\/h2>\n<\/div><\/section><br \/>\n<div  class='avia-button-wrap av-kgi236dr-d75e7e54598966a589fecdf9101bdac2-wrap avia-button-center  avia-builder-el-16  el_after_av_textblock  avia-builder-el-last '><a href='https:\/\/www.navitalo.com\/de\/produkte\/natuerliche-suessungsmittel\/tapiokasirup\/'  class='avia-button av-kgi236dr-d75e7e54598966a589fecdf9101bdac2 av-link-btn avia-icon_select-no avia-size-medium avia-position-center avia-color-dark'   aria-label=\"Mehr\"><span class='avia_iconbox_title' >Mehr<\/span><\/a><\/div><\/p><\/div><div class='av-flex-placeholder'><\/div>\n<style type=\"text\/css\" data-created_by=\"avia_inline_auto\" id=\"style-css-av-kghwk251-0bf5779ce8053e071f7cb5ca8d4fa009\">\n.flex_column.av-kghwk251-0bf5779ce8053e071f7cb5ca8d4fa009{\nborder-radius:0px 0px 0px 0px;\npadding:0px 20px 20px 20px;\nbackground-color:#f6f5f2;\n}\n<\/style>\n<div  id=\"product-list\"  class='flex_column av-kghwk251-0bf5779ce8053e071f7cb5ca8d4fa009 av_one_third  avia-builder-el-17  el_after_av_one_third  avia-builder-el-last  column-bottom flex_column_table_cell av-equal-height-column av-align-top  '     ><p>\n<style type=\"text\/css\" data-created_by=\"avia_inline_auto\" id=\"style-css-av-kghzufhp-f74271967d66e9a3d7de1a4d9e4e7c37\">\n.avia-image-container.av-kghzufhp-f74271967d66e9a3d7de1a4d9e4e7c37 img.avia_image{\nbox-shadow:none;\n}\n.avia-image-container.av-kghzufhp-f74271967d66e9a3d7de1a4d9e4e7c37 .av-image-caption-overlay-center{\ncolor:#ffffff;\n}\n<\/style>\n<div  class='avia-image-container av-kghzufhp-f74271967d66e9a3d7de1a4d9e4e7c37 av-styling-circle av-img-linked avia-align-center  avia-builder-el-18  el_before_av_hr  avia-builder-el-first  effect7'   itemprop=\"image\" itemscope=\"itemscope\" itemtype=\"https:\/\/schema.org\/ImageObject\" ><div class=\"avia-image-container-inner\"><div class=\"avia-image-overlay-wrap\"><a href=\"https:\/\/www.navitalo.com\/products\/natural-sweeteners\/oat-syrup\/\" class='avia_image '  aria-label='wooden bowl of raw rice'><img decoding=\"async\" fetchpriority=\"high\" class='wp-image-3365 avia-img-lazy-loading-not-3365 avia_image ' src=\"https:\/\/www.navitalo.com\/wp-content\/uploads\/2021\/01\/navitalo-natural-sweetener-oat-syrup-icon.jpg\" alt='' title='wooden bowl of raw rice'  height=\"800\" width=\"800\"  itemprop=\"thumbnailUrl\" srcset=\"https:\/\/www.navitalo.com\/wp-content\/uploads\/2021\/01\/navitalo-natural-sweetener-oat-syrup-icon.jpg 800w, https:\/\/www.navitalo.com\/wp-content\/uploads\/2021\/01\/navitalo-natural-sweetener-oat-syrup-icon-300x300.jpg 300w, https:\/\/www.navitalo.com\/wp-content\/uploads\/2021\/01\/navitalo-natural-sweetener-oat-syrup-icon-80x80.jpg 80w, https:\/\/www.navitalo.com\/wp-content\/uploads\/2021\/01\/navitalo-natural-sweetener-oat-syrup-icon-768x768.jpg 768w, https:\/\/www.navitalo.com\/wp-content\/uploads\/2021\/01\/navitalo-natural-sweetener-oat-syrup-icon-36x36.jpg 36w, https:\/\/www.navitalo.com\/wp-content\/uploads\/2021\/01\/navitalo-natural-sweetener-oat-syrup-icon-180x180.jpg 180w, https:\/\/www.navitalo.com\/wp-content\/uploads\/2021\/01\/navitalo-natural-sweetener-oat-syrup-icon-705x705.jpg 705w\" sizes=\"(max-width: 800px) 100vw, 800px\" \/><\/a><\/div><\/div><\/div><br \/>\n\n<style type=\"text\/css\" data-created_by=\"avia_inline_auto\" id=\"style-css-av-khew3xc5-310c16b5f2ab722d0d3b0c17d6f293ef\">\n#top .hr.hr-invisible.av-khew3xc5-310c16b5f2ab722d0d3b0c17d6f293ef{\nheight:20px;\n}\n<\/style>\n<div  class='hr av-khew3xc5-310c16b5f2ab722d0d3b0c17d6f293ef hr-invisible  avia-builder-el-19  el_after_av_image  el_before_av_textblock '><span class='hr-inner '><span class=\"hr-inner-style\"><\/span><\/span><\/div><br \/>\n<section  class='av_textblock_section av-imi87-5e2d8ff7a0b0a423b9f172820786a195 '   itemscope=\"itemscope\" itemtype=\"https:\/\/schema.org\/CreativeWork\" ><div class='avia_textblock check-list'  itemprop=\"text\" ><h2 style=\"text-align: center;\"><a href=\"https:\/\/www.navitalo.com\/products\/natural-sweeteners\/oat-syrup\/\">Hafersirup<\/a><\/h2>\n<\/div><\/section><br \/>\n<div  class='avia-button-wrap av-kgi236dr-cb76156e9f8bae7c8b492468ce64cb56-wrap avia-button-center  avia-builder-el-21  el_after_av_textblock  avia-builder-el-last '><a href='https:\/\/www.navitalo.com\/de\/produkte\/natuerliche-suessungsmittel\/hafersirup\/'  class='avia-button av-kgi236dr-cb76156e9f8bae7c8b492468ce64cb56 av-link-btn avia-icon_select-no avia-size-medium avia-position-center avia-color-dark'   aria-label=\"Mehr\"><span class='avia_iconbox_title' >Mehr<\/span><\/a><\/div><\/p><\/div><\/div><!--close column table wrapper. Autoclose: 1 -->\n<\/div><\/div><\/div><!-- close content main div --><\/div><\/div><div id='after_section_2'  class='main_color av_default_container_wrap container_wrap sidebar_right'  ><div class='container av-section-cont-open' ><div class='template-page content  av-content-small alpha units'><div class='post-entry post-entry-type-page post-entry-4229'><div class='entry-content-wrapper clearfix'><\/p>\n","protected":false},"excerpt":{"rendered":"","protected":false},"author":2,"featured_media":0,"parent":4213,"menu_order":0,"comment_status":"closed","ping_status":"closed","template":"","meta":{"footnotes":""},"class_list":["post-4229","page","type-page","status-publish","hentry"],"yoast_head":"<!-- This site is optimized with the Yoast SEO plugin v27.5 - https:\/\/yoast.com\/product\/yoast-seo-wordpress\/ -->\n<title>Nat\u00fcrliche S\u00fc\u00dfungsmittel | Gro\u00dfhandel &amp; H\u00e4ndler | naVitalo<\/title>\n<meta name=\"description\" content=\"Nat\u00fcrliche S\u00fc\u00dfungsmittel | naVitalo | Gro\u00dfhandel f\u00fcr veganen, organischen Zuckerersatz | Jetzt Angebot anfordern\" \/>\n<meta name=\"robots\" content=\"index, follow, max-snippet:-1, max-image-preview:large, max-video-preview:-1\" \/>\n<link rel=\"canonical\" href=\"https:\/\/www.navitalo.com\/de\/produkte\/natuerliche-suessungsmittel\/\" \/>\n<meta property=\"og:locale\" content=\"de_DE\" \/>\n<meta property=\"og:type\" content=\"article\" \/>\n<meta property=\"og:title\" content=\"Nat\u00fcrliche S\u00fc\u00dfungsmittel | Gro\u00dfhandel &amp; H\u00e4ndler | naVitalo\" \/>\n<meta property=\"og:description\" content=\"Nat\u00fcrliche S\u00fc\u00dfungsmittel | naVitalo | Gro\u00dfhandel f\u00fcr veganen, organischen Zuckerersatz | Jetzt Angebot anfordern\" \/>\n<meta property=\"og:url\" content=\"https:\/\/www.navitalo.com\/de\/produkte\/natuerliche-suessungsmittel\/\" \/>\n<meta property=\"og:site_name\" content=\"naVitalo\" \/>\n<meta property=\"article:modified_time\" content=\"2021-10-14T14:46:38+00:00\" \/>\n<meta name=\"twitter:card\" content=\"summary_large_image\" \/>\n<meta name=\"twitter:label1\" content=\"Gesch\u00e4tzte Lesezeit\" \/>\n\t<meta name=\"twitter:data1\" content=\"3\u00a0Minuten\" \/>\n<script type=\"application\/ld+json\" class=\"yoast-schema-graph\">{\"@context\":\"https:\\\/\\\/schema.org\",\"@graph\":[{\"@type\":\"WebPage\",\"@id\":\"https:\\\/\\\/www.navitalo.com\\\/de\\\/produkte\\\/natuerliche-suessungsmittel\\\/\",\"url\":\"https:\\\/\\\/www.navitalo.com\\\/de\\\/produkte\\\/natuerliche-suessungsmittel\\\/\",\"name\":\"Nat\u00fcrliche S\u00fc\u00dfungsmittel | Gro\u00dfhandel & H\u00e4ndler | naVitalo\",\"isPartOf\":{\"@id\":\"https:\\\/\\\/www.navitalo.com\\\/de\\\/#website\"},\"datePublished\":\"2021-01-14T13:59:56+00:00\",\"dateModified\":\"2021-10-14T14:46:38+00:00\",\"description\":\"Nat\u00fcrliche S\u00fc\u00dfungsmittel | naVitalo | Gro\u00dfhandel f\u00fcr veganen, organischen Zuckerersatz | Jetzt Angebot anfordern\",\"breadcrumb\":{\"@id\":\"https:\\\/\\\/www.navitalo.com\\\/de\\\/produkte\\\/natuerliche-suessungsmittel\\\/#breadcrumb\"},\"inLanguage\":\"de\",\"potentialAction\":[{\"@type\":\"ReadAction\",\"target\":[\"https:\\\/\\\/www.navitalo.com\\\/de\\\/produkte\\\/natuerliche-suessungsmittel\\\/\"]}]},{\"@type\":\"BreadcrumbList\",\"@id\":\"https:\\\/\\\/www.navitalo.com\\\/de\\\/produkte\\\/natuerliche-suessungsmittel\\\/#breadcrumb\",\"itemListElement\":[{\"@type\":\"ListItem\",\"position\":1,\"name\":\"Home\",\"item\":\"https:\\\/\\\/www.navitalo.com\\\/de\\\/\"},{\"@type\":\"ListItem\",\"position\":2,\"name\":\"Produkte\",\"item\":\"https:\\\/\\\/www.navitalo.com\\\/de\\\/produkte\\\/\"},{\"@type\":\"ListItem\",\"position\":3,\"name\":\"Nat\u00fcrliche S\u00fc\u00dfungsmittel\"}]},{\"@type\":\"WebSite\",\"@id\":\"https:\\\/\\\/www.navitalo.com\\\/de\\\/#website\",\"url\":\"https:\\\/\\\/www.navitalo.com\\\/de\\\/\",\"name\":\"naVitalo\",\"description\":\"Specialist in natural Sweeteners, plant-based Milk Powders &amp; Proteins\",\"potentialAction\":[{\"@type\":\"SearchAction\",\"target\":{\"@type\":\"EntryPoint\",\"urlTemplate\":\"https:\\\/\\\/www.navitalo.com\\\/de\\\/?s={search_term_string}\"},\"query-input\":{\"@type\":\"PropertyValueSpecification\",\"valueRequired\":true,\"valueName\":\"search_term_string\"}}],\"inLanguage\":\"de\"}]}<\/script>\n<!-- \/ Yoast SEO plugin. -->","yoast_head_json":{"title":"Nat\u00fcrliche S\u00fc\u00dfungsmittel | Gro\u00dfhandel & H\u00e4ndler | naVitalo","description":"Nat\u00fcrliche S\u00fc\u00dfungsmittel | naVitalo | Gro\u00dfhandel f\u00fcr veganen, organischen Zuckerersatz | Jetzt Angebot anfordern","robots":{"index":"index","follow":"follow","max-snippet":"max-snippet:-1","max-image-preview":"max-image-preview:large","max-video-preview":"max-video-preview:-1"},"canonical":"https:\/\/www.navitalo.com\/de\/produkte\/natuerliche-suessungsmittel\/","og_locale":"de_DE","og_type":"article","og_title":"Nat\u00fcrliche S\u00fc\u00dfungsmittel | Gro\u00dfhandel & H\u00e4ndler | naVitalo","og_description":"Nat\u00fcrliche S\u00fc\u00dfungsmittel | naVitalo | Gro\u00dfhandel f\u00fcr veganen, organischen Zuckerersatz | Jetzt Angebot anfordern","og_url":"https:\/\/www.navitalo.com\/de\/produkte\/natuerliche-suessungsmittel\/","og_site_name":"naVitalo","article_modified_time":"2021-10-14T14:46:38+00:00","twitter_card":"summary_large_image","twitter_misc":{"Gesch\u00e4tzte Lesezeit":"3\u00a0Minuten"},"schema":{"@context":"https:\/\/schema.org","@graph":[{"@type":"WebPage","@id":"https:\/\/www.navitalo.com\/de\/produkte\/natuerliche-suessungsmittel\/","url":"https:\/\/www.navitalo.com\/de\/produkte\/natuerliche-suessungsmittel\/","name":"Nat\u00fcrliche S\u00fc\u00dfungsmittel | Gro\u00dfhandel & H\u00e4ndler | naVitalo","isPartOf":{"@id":"https:\/\/www.navitalo.com\/de\/#website"},"datePublished":"2021-01-14T13:59:56+00:00","dateModified":"2021-10-14T14:46:38+00:00","description":"Nat\u00fcrliche S\u00fc\u00dfungsmittel | naVitalo | Gro\u00dfhandel f\u00fcr veganen, organischen Zuckerersatz | Jetzt Angebot anfordern","breadcrumb":{"@id":"https:\/\/www.navitalo.com\/de\/produkte\/natuerliche-suessungsmittel\/#breadcrumb"},"inLanguage":"de","potentialAction":[{"@type":"ReadAction","target":["https:\/\/www.navitalo.com\/de\/produkte\/natuerliche-suessungsmittel\/"]}]},{"@type":"BreadcrumbList","@id":"https:\/\/www.navitalo.com\/de\/produkte\/natuerliche-suessungsmittel\/#breadcrumb","itemListElement":[{"@type":"ListItem","position":1,"name":"Home","item":"https:\/\/www.navitalo.com\/de\/"},{"@type":"ListItem","position":2,"name":"Produkte","item":"https:\/\/www.navitalo.com\/de\/produkte\/"},{"@type":"ListItem","position":3,"name":"Nat\u00fcrliche S\u00fc\u00dfungsmittel"}]},{"@type":"WebSite","@id":"https:\/\/www.navitalo.com\/de\/#website","url":"https:\/\/www.navitalo.com\/de\/","name":"naVitalo","description":"Specialist in natural Sweeteners, plant-based Milk Powders &amp; Proteins","potentialAction":[{"@type":"SearchAction","target":{"@type":"EntryPoint","urlTemplate":"https:\/\/www.navitalo.com\/de\/?s={search_term_string}"},"query-input":{"@type":"PropertyValueSpecification","valueRequired":true,"valueName":"search_term_string"}}],"inLanguage":"de"}]}},"_links":{"self":[{"href":"https:\/\/www.navitalo.com\/de\/wp-json\/wp\/v2\/pages\/4229","targetHints":{"allow":["GET"]}}],"collection":[{"href":"https:\/\/www.navitalo.com\/de\/wp-json\/wp\/v2\/pages"}],"about":[{"href":"https:\/\/www.navitalo.com\/de\/wp-json\/wp\/v2\/types\/page"}],"author":[{"embeddable":true,"href":"https:\/\/www.navitalo.com\/de\/wp-json\/wp\/v2\/users\/2"}],"replies":[{"embeddable":true,"href":"https:\/\/www.navitalo.com\/de\/wp-json\/wp\/v2\/comments?post=4229"}],"version-history":[{"count":0,"href":"https:\/\/www.navitalo.com\/de\/wp-json\/wp\/v2\/pages\/4229\/revisions"}],"up":[{"embeddable":true,"href":"https:\/\/www.navitalo.com\/de\/wp-json\/wp\/v2\/pages\/4213"}],"wp:attachment":[{"href":"https:\/\/www.navitalo.com\/de\/wp-json\/wp\/v2\/media?parent=4229"}],"curies":[{"name":"wp","href":"https:\/\/api.w.org\/{rel}","templated":true}]}}