{"id":4776,"date":"2020-11-24T13:10:33","date_gmt":"2020-11-24T13:10:33","guid":{"rendered":"https:\/\/www.navitalo.com\/site-notice\/"},"modified":"2024-07-17T10:23:19","modified_gmt":"2024-07-17T10:23:19","slug":"impressum","status":"publish","type":"page","link":"https:\/\/www.navitalo.com\/de\/impressum\/","title":{"rendered":"Impressum"},"content":{"rendered":"<div id='av_section_1'  class='avia-section av-g57hv-46558d4a949a85b0b96232599e204c4a main_color avia-section-default avia-no-border-styling  avia-builder-el-0  avia-builder-el-no-sibling  avia-bg-style-scroll container_wrap sidebar_right'  ><div class='container av-section-cont-open' ><main  role=\"main\" itemprop=\"mainContentOfPage\"  class='template-page content  av-content-small alpha units'><div class='post-entry post-entry-type-page post-entry-4776'><div class='entry-content-wrapper clearfix'>\n\n<style type=\"text\/css\" data-created_by=\"avia_inline_auto\" id=\"style-css-av-9yxyb-8cbe190a22faef9fb925308a9f15b38f\">\n.flex_column.av-9yxyb-8cbe190a22faef9fb925308a9f15b38f{\nborder-radius:0px 0px 0px 0px;\npadding:0px 0px 0px 0px;\n}\n<\/style>\n<div  class='flex_column av-9yxyb-8cbe190a22faef9fb925308a9f15b38f av_one_full  avia-builder-el-1  avia-builder-el-no-sibling  first flex_column_div av-zero-column-padding  '     ><p><section  class='av_textblock_section av-kk5ixlkm-830a253d5b391562d37988c412acda5e '   itemscope=\"itemscope\" itemtype=\"https:\/\/schema.org\/CreativeWork\" ><div class='avia_textblock'  itemprop=\"text\" ><div style=\"word-wrap: break-word;\"><h1>Impressum<\/h1>\n\n<p>naVitalo GmbH<br \/>\nLahnstra&szlig;e 35<br \/>\n45478 M&uuml;lheim an der Ruhr<\/p>\n\n<p>Handelsregister: HRB 25550<br \/>\nRegistergericht: Duisburg<\/p>\n\n<p><strong>Vertreten durch:<\/strong><br \/>\nMarcel Vietz, Tim Kretzmann, Marcus Herrschaft<\/p>\n\n<h2>Kontakt<\/h2>\n<p>Telefon: +49 (0)208 880 264 00<br \/>\nE-Mail: info@navitalo.com<\/p>\n\n<h2>Umsatzsteuer-ID<\/h2>\n<p>Umsatzsteuer-Identifikationsnummer gem&auml;&szlig; &sect; 27 a Umsatzsteuergesetz:<br \/>\nDE291387542<\/p>\n\n<h2>Redaktionell verantwortlich<\/h2>\n<p>Marcel Vietz<\/p>\n\n<h2>Verbraucher&shy;streit&shy;beilegung\/Universal&shy;schlichtungs&shy;stelle<\/h2>\n<p>Wir sind nicht bereit oder verpflichtet, an Streitbeilegungsverfahren vor einer Verbraucherschlichtungsstelle teilzunehmen.<\/p><\/div>\n<\/div><\/section><br \/>\n<section  class='av_textblock_section av-lks2he3m-d9a2493a7d206c29143d4deb40d4879e '   itemscope=\"itemscope\" itemtype=\"https:\/\/schema.org\/CreativeWork\" ><div class='avia_textblock'  itemprop=\"text\" ><h2>Design &amp; Umsetzung<\/h2>\n<p><a href=\"https:\/\/eins2agentur.de\/\" target=\"_blank\" rel=\"noopener\">www.eins2agentur.de<\/a><\/p>\n<h2><\/h2>\n<\/div><\/section><\/p><\/div><\/div><\/div><\/main><!-- close content main element --><\/div><\/div><div id='after_section_1'  class='main_color av_default_container_wrap container_wrap sidebar_right'  ><div class='container av-section-cont-open' ><div class='template-page content  av-content-small alpha units'><div class='post-entry post-entry-type-page post-entry-4776'><div class='entry-content-wrapper clearfix'>\n","protected":false},"excerpt":{"rendered":"","protected":false},"author":2,"featured_media":0,"parent":0,"menu_order":0,"comment_status":"closed","ping_status":"closed","template":"","meta":{"footnotes":""},"class_list":["post-4776","page","type-page","status-publish","hentry"],"yoast_head":"<!-- This site is optimized with the Yoast SEO plugin v27.4 - https:\/\/yoast.com\/product\/yoast-seo-wordpress\/ -->\n<title>Impressum | pflanzliche Lebensmittelzutaten | Gro\u00dfhandel &amp; H\u00e4ndler<\/title>\n<meta name=\"description\" content=\"naVitalo Impressum | naVitalo | Gro\u00dfhandel &amp; H\u00e4ndler von pflanzlichen Nahrungsmitteln | Jetzt mehr erfahren\" \/>\n<meta name=\"robots\" content=\"index, follow, max-snippet:-1, max-image-preview:large, max-video-preview:-1\" \/>\n<link rel=\"canonical\" href=\"https:\/\/www.navitalo.com\/de\/impressum\/\" \/>\n<meta property=\"og:locale\" content=\"de_DE\" \/>\n<meta property=\"og:type\" content=\"article\" \/>\n<meta property=\"og:title\" content=\"Impressum | pflanzliche Lebensmittelzutaten | Gro\u00dfhandel &amp; H\u00e4ndler\" \/>\n<meta property=\"og:description\" content=\"naVitalo Impressum | naVitalo | Gro\u00dfhandel &amp; H\u00e4ndler von pflanzlichen Nahrungsmitteln | Jetzt mehr erfahren\" \/>\n<meta property=\"og:url\" content=\"https:\/\/www.navitalo.com\/de\/impressum\/\" \/>\n<meta property=\"og:site_name\" content=\"naVitalo\" \/>\n<meta property=\"article:modified_time\" content=\"2024-07-17T10:23:19+00:00\" \/>\n<meta name=\"twitter:card\" content=\"summary_large_image\" \/>\n<meta name=\"twitter:label1\" content=\"Gesch\u00e4tzte Lesezeit\" \/>\n\t<meta name=\"twitter:data1\" content=\"1\u00a0Minute\" \/>\n<script type=\"application\/ld+json\" class=\"yoast-schema-graph\">{\"@context\":\"https:\\\/\\\/schema.org\",\"@graph\":[{\"@type\":\"WebPage\",\"@id\":\"https:\\\/\\\/www.navitalo.com\\\/de\\\/impressum\\\/\",\"url\":\"https:\\\/\\\/www.navitalo.com\\\/de\\\/impressum\\\/\",\"name\":\"Impressum | pflanzliche Lebensmittelzutaten | Gro\u00dfhandel & H\u00e4ndler\",\"isPartOf\":{\"@id\":\"https:\\\/\\\/www.navitalo.com\\\/de\\\/#website\"},\"datePublished\":\"2020-11-24T13:10:33+00:00\",\"dateModified\":\"2024-07-17T10:23:19+00:00\",\"description\":\"naVitalo Impressum | naVitalo | Gro\u00dfhandel & H\u00e4ndler von pflanzlichen Nahrungsmitteln | Jetzt mehr erfahren\",\"breadcrumb\":{\"@id\":\"https:\\\/\\\/www.navitalo.com\\\/de\\\/impressum\\\/#breadcrumb\"},\"inLanguage\":\"de\",\"potentialAction\":[{\"@type\":\"ReadAction\",\"target\":[\"https:\\\/\\\/www.navitalo.com\\\/de\\\/impressum\\\/\"]}]},{\"@type\":\"BreadcrumbList\",\"@id\":\"https:\\\/\\\/www.navitalo.com\\\/de\\\/impressum\\\/#breadcrumb\",\"itemListElement\":[{\"@type\":\"ListItem\",\"position\":1,\"name\":\"Home\",\"item\":\"https:\\\/\\\/www.navitalo.com\\\/de\\\/\"},{\"@type\":\"ListItem\",\"position\":2,\"name\":\"Impressum\"}]},{\"@type\":\"WebSite\",\"@id\":\"https:\\\/\\\/www.navitalo.com\\\/de\\\/#website\",\"url\":\"https:\\\/\\\/www.navitalo.com\\\/de\\\/\",\"name\":\"naVitalo\",\"description\":\"Specialist in natural Sweeteners, plant-based Milk Powders &amp; Proteins\",\"potentialAction\":[{\"@type\":\"SearchAction\",\"target\":{\"@type\":\"EntryPoint\",\"urlTemplate\":\"https:\\\/\\\/www.navitalo.com\\\/de\\\/?s={search_term_string}\"},\"query-input\":{\"@type\":\"PropertyValueSpecification\",\"valueRequired\":true,\"valueName\":\"search_term_string\"}}],\"inLanguage\":\"de\"}]}<\/script>\n<!-- \/ Yoast SEO plugin. -->","yoast_head_json":{"title":"Impressum | pflanzliche Lebensmittelzutaten | Gro\u00dfhandel & H\u00e4ndler","description":"naVitalo Impressum | naVitalo | Gro\u00dfhandel & H\u00e4ndler von pflanzlichen Nahrungsmitteln | Jetzt mehr erfahren","robots":{"index":"index","follow":"follow","max-snippet":"max-snippet:-1","max-image-preview":"max-image-preview:large","max-video-preview":"max-video-preview:-1"},"canonical":"https:\/\/www.navitalo.com\/de\/impressum\/","og_locale":"de_DE","og_type":"article","og_title":"Impressum | pflanzliche Lebensmittelzutaten | Gro\u00dfhandel & H\u00e4ndler","og_description":"naVitalo Impressum | naVitalo | Gro\u00dfhandel & H\u00e4ndler von pflanzlichen Nahrungsmitteln | Jetzt mehr erfahren","og_url":"https:\/\/www.navitalo.com\/de\/impressum\/","og_site_name":"naVitalo","article_modified_time":"2024-07-17T10:23:19+00:00","twitter_card":"summary_large_image","twitter_misc":{"Gesch\u00e4tzte Lesezeit":"1\u00a0Minute"},"schema":{"@context":"https:\/\/schema.org","@graph":[{"@type":"WebPage","@id":"https:\/\/www.navitalo.com\/de\/impressum\/","url":"https:\/\/www.navitalo.com\/de\/impressum\/","name":"Impressum | pflanzliche Lebensmittelzutaten | Gro\u00dfhandel & H\u00e4ndler","isPartOf":{"@id":"https:\/\/www.navitalo.com\/de\/#website"},"datePublished":"2020-11-24T13:10:33+00:00","dateModified":"2024-07-17T10:23:19+00:00","description":"naVitalo Impressum | naVitalo | Gro\u00dfhandel & H\u00e4ndler von pflanzlichen Nahrungsmitteln | Jetzt mehr erfahren","breadcrumb":{"@id":"https:\/\/www.navitalo.com\/de\/impressum\/#breadcrumb"},"inLanguage":"de","potentialAction":[{"@type":"ReadAction","target":["https:\/\/www.navitalo.com\/de\/impressum\/"]}]},{"@type":"BreadcrumbList","@id":"https:\/\/www.navitalo.com\/de\/impressum\/#breadcrumb","itemListElement":[{"@type":"ListItem","position":1,"name":"Home","item":"https:\/\/www.navitalo.com\/de\/"},{"@type":"ListItem","position":2,"name":"Impressum"}]},{"@type":"WebSite","@id":"https:\/\/www.navitalo.com\/de\/#website","url":"https:\/\/www.navitalo.com\/de\/","name":"naVitalo","description":"Specialist in natural Sweeteners, plant-based Milk Powders &amp; Proteins","potentialAction":[{"@type":"SearchAction","target":{"@type":"EntryPoint","urlTemplate":"https:\/\/www.navitalo.com\/de\/?s={search_term_string}"},"query-input":{"@type":"PropertyValueSpecification","valueRequired":true,"valueName":"search_term_string"}}],"inLanguage":"de"}]}},"_links":{"self":[{"href":"https:\/\/www.navitalo.com\/de\/wp-json\/wp\/v2\/pages\/4776","targetHints":{"allow":["GET"]}}],"collection":[{"href":"https:\/\/www.navitalo.com\/de\/wp-json\/wp\/v2\/pages"}],"about":[{"href":"https:\/\/www.navitalo.com\/de\/wp-json\/wp\/v2\/types\/page"}],"author":[{"embeddable":true,"href":"https:\/\/www.navitalo.com\/de\/wp-json\/wp\/v2\/users\/2"}],"replies":[{"embeddable":true,"href":"https:\/\/www.navitalo.com\/de\/wp-json\/wp\/v2\/comments?post=4776"}],"version-history":[{"count":5,"href":"https:\/\/www.navitalo.com\/de\/wp-json\/wp\/v2\/pages\/4776\/revisions"}],"predecessor-version":[{"id":10298,"href":"https:\/\/www.navitalo.com\/de\/wp-json\/wp\/v2\/pages\/4776\/revisions\/10298"}],"wp:attachment":[{"href":"https:\/\/www.navitalo.com\/de\/wp-json\/wp\/v2\/media?parent=4776"}],"curies":[{"name":"wp","href":"https:\/\/api.w.org\/{rel}","templated":true}]}}