{"id":4785,"date":"2020-11-24T13:12:35","date_gmt":"2020-11-24T13:12:35","guid":{"rendered":"https:\/\/www.navitalo.com\/agb\/"},"modified":"2021-06-07T11:52:49","modified_gmt":"2021-06-07T11:52:49","slug":"agb","status":"publish","type":"page","link":"https:\/\/www.navitalo.com\/de\/agb\/","title":{"rendered":"AGB"},"content":{"rendered":"<div id='av_section_1'  class='avia-section av-gomkn-8e4a315547fe7d64a07d3cc0ed5b9d24 main_color avia-section-default avia-no-border-styling  avia-builder-el-0  avia-builder-el-no-sibling  avia-bg-style-scroll container_wrap sidebar_right'  ><div class='container av-section-cont-open' ><main  role=\"main\" itemprop=\"mainContentOfPage\"  class='template-page content  av-content-small alpha units'><div class='post-entry post-entry-type-page post-entry-4785'><div class='entry-content-wrapper clearfix'>\n\n<style type=\"text\/css\" data-created_by=\"avia_inline_auto\" id=\"style-css-av-aaje7-5766de559c99d94df3fd36ea4a1ead58\">\n.flex_column.av-aaje7-5766de559c99d94df3fd36ea4a1ead58{\nborder-radius:0px 0px 0px 0px;\npadding:0px 0px 0px 0px;\n}\n<\/style>\n<div  class='flex_column av-aaje7-5766de559c99d94df3fd36ea4a1ead58 av_one_full  avia-builder-el-1  avia-builder-el-no-sibling  first flex_column_div av-zero-column-padding  '     ><section  class='av_textblock_section av-kkh1xq53-b92f71b1c730f567a812f54071288fa4 '   itemscope=\"itemscope\" itemtype=\"https:\/\/schema.org\/CreativeWork\" ><div class='avia_textblock'  itemprop=\"text\" ><p>ALLGEMEINE GESCH\u00c4FTSBEDINGUNGEN<br \/>\nDER NAVITALO<sub>\u00ae<\/sub> GMBH<\/p>\n<p>\u00a71 Geltungsbereich<\/p>\n<p>(1) Die Allgemeinen Gesch\u00e4ftsbedingungen (nachfolgend ,,AGB\u2018\u2018 genannt) regeln den Verkauf von Produkten durch naVitalo<sub>\u00ae<\/sub> GmbH (Anbieter) an Sie, in ihrer zum Zeitpunkt der Bestellung g\u00fcltigen Fassung.<\/p>\n<p>(2) Abweichende AGB des Bestellers werden zur\u00fcckgewiesen.<\/p>\n<p>(3) Bitte lesen Sie diese Bedingungen aufmerksam, bevor Sie eine Bestellung an den Anbieter aufgeben. Durch Aufgabe einer Bestellung an den Anbieter erkl\u00e4ren Sie sich mit der Anwendung dieser Verkaufsbedingungen auf Ihre Bestellung einverstanden.<\/p>\n<p>(4) \u00c4nderungen dieser Allgemeinen Gesch\u00e4ftsbedingungen werden dem Besteller durch den Anbieter in Text- oder Schriftform bekanntgegeben. Die neue Version der Allgemeinen Gesch\u00e4ftsbedingungen gilt als genehmigt, wenn deren Geltung nicht innerhalt 14 Tagen nach ihrer \u00dcbersendung in Schriftform widersprochen wird. Ma\u00dfgeblich f\u00fcr die Rechtzeitigkeit des Widerspruchs ist der Zugang bei dem Anbieter. Im Falle des Widerspruchs gilt die bisherige Version der Allgemeinen Gesch\u00e4ftsbedingungen zun\u00e4chst fort, allerdings beh\u00e4lt sich der Anbieter das Recht, den mit dem Besteller bestehenden Vertrag innerhalb von 14 Tagen nach Zugang des Widerspruchs zu k\u00fcndigen.<\/p>\n<p>\u00a7 2 Zustandekommen des Vertrages<\/p>\n<p>(1) Vertr\u00e4ge k\u00f6nnen ausschlie\u00dflich schriftlich in deutscher und englischer Sprache abgeschlossen werden.<\/p>\n<p>(2) Die Angebote richten sich ausschlie\u00dflich an Kunden (Lebensmittelhersteller,<br \/>\n-produzenten und -verarbeiter) mit einer Rechnungs- und Lieferanschrift in: Europa, Schweiz, Gro\u00dfbritannien, Norwegen, Brasilien und Peru.<\/p>\n<p>(3) Die Pr\u00e4sentation der Waren auf der Internetseite stellt kein rechtlich wirksames Angebot dar. Durch die Pr\u00e4sentation der Ware wird der Besteller lediglich dazu aufgefordert ein Angebot zu machen.<\/p>\n<p>(4) Die Bestellung stellt ein Angebot an der naVitalo<sub>\u00ae<\/sub> GmbH zum Abschluss eines Kaufvertrages dar. Der Besteller gibt ein verbindliches Angebot ab, wenn er den Bestellprozess unter Eingabe der dort verlangten Angaben per E-Mail sendet.<\/p>\n<p>(5) Der Kaufvertrag zwischen dem Anbieter und dem Besteller kommt erst durch eine Annahmeerkl\u00e4rung des Anbieters zustande. Diese erfolgt zum fr\u00fcheren der beiden Termine, entweder Zusendung der Ware oder Zusendung einer Versandbest\u00e4tigung per E-Mail.<br \/>\nBeachten Sie, dass eine Best\u00e4tigung \u00fcber den Eingang Ihrer Bestellung keine Annahmeerkl\u00e4rung im zuvor genannten Sinne darstellt.<\/p>\n<p>(6) Ihre Bestellungen werden bei uns nach Vertragsschluss gespeichert. Sollten Sie ihre Unterlagen zu Ihren Bestellungen verlieren, wenden Sie sich bitte per E-Mail oder Telefon an uns. Wir senden Ihnen eine Kopie der Bestelldaten zu.<\/p>\n<p>\u00a7 3 Kontraktabruf<\/p>\n<p>Soweit nichts anderes ausdr\u00fccklich vereinbart und schriftlich vom Anbieter best\u00e4tigt, gilt f\u00fcr Kontraktabrufe eine maximale Laufzeit von 24 Monaten, beginnend mit dem Tag des Kontraktabrufes. Nach Ablauf der maximalen Laufzeit ist der Besteller dazu verpflichtet, f\u00fcr die noch nicht abgenommene Menge, bereits erbrachte Vorleistungen und\/oder Beschaffungen von Ausgangsstoffen und Material zu ersetzen.<\/p>\n<p>\u00a7 4 Preise und Versandkosten<\/p>\n<p>(1) Preiskalkulationen werden nach Angaben des Bestellers erstellt. \u00c4nderungen des Leistungsinhalts berechtigen den Anbieter zur Preisanpassung, wobei er berechtigt ist, f\u00fcr den zus\u00e4tzlichen Leistungsinhalt die bei Ihm \u00fcblichen Konditionen zu Grunde zu legen.<\/p>\n<p>(2) Vereinbarungen \u00fcber Preise und Leistungen beziehen sich, soweit nicht anders vereinbart ist, ab Lager\/Werk (FCA). Weitere Kosten, wie Z\u00f6lle, Frachten, Verpackung, Versicherungspr\u00e4mien sowie die gesetzliche Mehrwertsteuer werden hinzuberechnet.<\/p>\n<p>(3) Bei Angeboten an unsere Besteller gelten die jeweils vereinbarten Incoterms.<\/p>\n<p>(4) Unsere Preise verstehen sich ausschlie\u00dflich in Euro. Bei Verkauf in fremder W\u00e4hrung sind wir berechtigt eventuelle Kurs\u00e4nderungen anzupassen.<\/p>\n<p>\u00a7 5 Zahlungsmodalit\u00e4ten<\/p>\n<p>(1) Der Besteller kann die Ware durch folgende Zahlungsart bezahlen: Rechnung mit Zahlungsziel nach 14 Tagen, wenn nicht anders vereinbart.<\/p>\n<p>(2) Dem Besteller ist es nicht gestatten, die Ware durch das Senden von Bargeld oder Schecks zu bezahlen.<\/p>\n<p>(3) Ger\u00e4t der Besteller in Zahlungsverzug, ist der Anbieter berechtigt, Verzugszinsen in H\u00f6he vom \u00fcblichen Prozentsatz p.a. \u00fcber dem jeweiligen Basiszinssatz zu fordern. Der Anbieter beh\u00e4lt sich vor, einen h\u00f6heren Verzugsschaden vorzuweisen und geltend zu machen.<\/p>\n<p>(4) Der Besteller ist zur Aufrechnung oder Zur\u00fcckbehaltung gegen\u00fcber dem Anbieter nur berechtigt, wenn die Gegenanspr\u00fcche rechtskr\u00e4ftig festgestellt oder seitens des Anbieters anerkannt sind.<\/p>\n<p>(5) F\u00fcr s\u00e4mtliche Anspr\u00fcche aus den Gesch\u00e4ften zwischen dem Anbieter und dem Besteller wird ein Abtretungsverbot im Hinblick auf die Forderungen gegen den Anbieter vereinbart.<\/p>\n<p>\u00a7 6 Eigentumsvorbehalt<\/p>\n<p>(1) Der Anbieter beh\u00e4lt sich das Eigentum an der Ware bis zur vollst\u00e4ndigen Bezahlung vor. Das gilt auch f\u00fcr s\u00e4mtliche zuk\u00fcnftige Lieferungen und zwar auch dann, wenn sich der Anbieter nicht bei jeder Bestellung ausdr\u00fccklich hierauf beruft. Der Anbieter ist berechtigt, die Herausgabe der Kaufsache zu fordern, wenn der Besteller sich vertragswidrig verh\u00e4lt, insbesondere, wenn er sich im Verzug mit einer Zahlungspflicht befindet.<\/p>\n<p>(2) Be- und Verarbeitung der Vorbehaltsware erfolgen f\u00fcr den Anbieter in Sinne von \u00a7 950 BGB ohne sich zu verpflichten. Die be- und verarbeitete Ware gilt als Vorbehaltsware im Sinne von der Ziffer (1).<\/p>\n<p>(3) Im Falle einer Pf\u00e4ndung oder anderen Beeintr\u00e4chtigungen ist der Besteller dazu verpflichtet den Anbieter unverz\u00fcglich zu benachrichtigen.<\/p>\n<p>(4) \u00dcbersteigt der Wert der f\u00fcr uns bestehenden Sicherheiten unsere Forderungen um insgesamt Prozent, so sind wir auf Verlangen des Bestellers insoweit zur Freigabe von Sicherheiten unserer Wahl verpflichtet.<\/p>\n<p>(5) Falls der Eigentumsvorbehalt nach dem Recht des Staates, in welchem der Besteller die Ware fordert, unwirksam ist, so gilt diejenige Sicherheit f\u00fcr Anspr\u00fcche als vereinbart, die in den betreffenden Land wirksam vereinbart werden kann und dem Eigentumsvorbehalt wirtschaftlich am n\u00e4chsten kommt. Der Besteller ist dazu verpflichtet erforderliche Ma\u00dfnahmen zu ergreifen.<\/p>\n<p>\u00a7 7 Versand, Verpackungen und Gefahr\u00fcbergang<\/p>\n<p>(1) Soweit nicht anders vereinbart, erfolgen alle unsere Lieferungen ab Lager\/Werk. Z\u00f6lle, Frachten, Verpackung, Versicherungspr\u00e4mien sowie die gesetzliche Mehrwertsteuer tr\u00e4gt der Besteller. Der Besteller ist f\u00fcr die Einhaltung der ausl\u00e4ndischen Zoll und Einfuhrvorschriften selber verpflichtet.<\/p>\n<p>(2) Die Gefahr an der gelieferten Ware geht auf den Kunden \u00fcber, sobald die Lieferung an die den Transport ausf\u00fchrende Person \u00fcbergeben worden ist oder zwecks Versendung das Lager des Anbieters oder das Lager des von Ihm beauftragten Lagerhalters verlassen hat. Das gilt auch, wenn die Sendung mit Fahrzeugen des Anbieters geliefert wird.<\/p>\n<p>(3) Versandfertig gemeldete Ware muss unverz\u00fcglich abgerufen werden. Andernfalls ist der Anbieter berechtigt, sie nach deren Wahl zu versenden oder auf Kosten und Gefahr des Bestellers zu lagern und sofort zu berechnen. Nimmt der Besteller die Lieferung nicht in zum vereinbarten Zeitpunkt ab, so ist er trotzdem verpflichtet den Kaufpreis zu zahlen.<\/p>\n<p>\u00a7 8 Lieferzeit\/ Lieferfrist<\/p>\n<p>(1) Der Beginn der seitens des Anbieter angegebenen Lieferzeiten setzt die rechtzeitige und ordnungsgem\u00e4\u00dfe Erf\u00fcllung der Verpflichtungen des Bestellers voraus. Die Einrede des nicht erf\u00fcllten Vertrages bleibt seitens des Anbieters ausdr\u00fccklich vorbehalten.<\/p>\n<p>(2) Ger\u00e4t der Besteller in Annahmeverzug oder verletzt er vors\u00e4tzlich und schuldhaft andere Mitwirkungspflichten, so ist der Anbieter berechtigt, den Ihm insoweit entstehenden Schaden, einschlie\u00dflich etwaiger Mehraufwendungen, von dem Besteller ersetz zu verlangen. Weitergehende Anspr\u00fcche bleiben vorbehalten. Die Gefahr eines zuf\u00e4lligen Untergangs oder einer zuf\u00e4lligen Verschlechterung der Kaufsache geht zum Zeitpunkt, indem der Besteller in Annahmeverzug geraten ist, auf diesen \u00fcber.<\/p>\n<p>(3) Der Anbieter haftet im Fall des von Ihm nicht vors\u00e4tzlich oder grob fahrl\u00e4ssig herbeigef\u00fchrten Lieferverzugs f\u00fcr jede vollendete Woche des Verzugs im Rahmen einer pauschalisierten Verzugsentsch\u00e4digung in H\u00f6he von maximal f\u00fcnf Prozent des Lieferwertes, insgesamt jedoch nicht \u00fcber 15 Prozent des Gesamtlieferwertes. Der Nettorechnungsbetrag der Handelsrechnung gilt als Lieferwert.<\/p>\n<p>(4) Jede weiter Haftung f\u00fcr Sch\u00e4den wegen Verzugs ist ausgeschlossen. Dies gilt nicht, wenn sich der Verzug aufgrund von Vorsatz oder grober Fahrl\u00e4ssigkeit auf Seiten des Anbieters beruht.<\/p>\n<p>(5) Eine angemessene Nachfrist mit Ablehnungsandrohung auf Seiten des Bestellers kann gesetzt werden. Dadurch ist der Besteller nach fruchtlosem Ablauf berechtigt, vom Vertrag zur\u00fcckgetreten. Schadensersatzanspr\u00fcche wegen Nichterf\u00fcllung sind ausgeschlossen.<\/p>\n<p>(6) Der Anbieter ist in einem f\u00fcr den Besteller zumutbaren Umfang zur Teillieferung und Teilleistung berechtigt.<\/p>\n<p>(7) Die Einhaltung der Lieferverpflichtung durch den Anbieter setzt die rechtzeitige und ordnungsgem\u00e4\u00dfe Erf\u00fcllung der Obliegenheiten und Verpflichtungen des Bestellers voraus.<\/p>\n<p>\u00a7 9 Selbstbelieferung<\/p>\n<p>(1) Der Anbieter beh\u00e4lt sein Recht zur Selbstbelieferung. Bei Lieferproblem oder M\u00e4ngel wird der Anbieter befreit, soweit er aus einem entsprechenden zuvor geschlossenen Deckungsvertrag nicht richtig, nicht rechtszeitig oder \u00fcberhaupt nicht beliefert werden und der Anbieter sich auf seine angemessene Frist auf Leistungsfreiheit berufe kann.<\/p>\n<p>(2) Sollte es zu einer starken Gef\u00e4hrdung der Selbstbelieferung kommen, ist der Anbieter, nachdem er Kenntnis erlangt hat, dazu verpflichtet den Besteller unverz\u00fcglich zu informieren.<\/p>\n<p>(3) Der Anbieter kann sich nur auf sein Selbstbelieferungsrecht berufen, wenn er dem Besteller zuvor ein konkretes Deckungsgesch\u00e4ft geschlossen hat. Der Anbieter hat zuvor bereits ein konkretes Deckungsgesch\u00e4ft geschlossen, wenn er am Tage des Abschlusses des Verkaufskontraktes mit dem Besteller im Besitz eines rechtsverbindlichen Einkaufskontraktes (Vertrages) mit einem Lieferanten ist.<\/p>\n<p>\u00a7 10 Zoll<\/p>\n<p>(1) Wenn Sie Produkte bei dem Anbieter zur Lieferung au\u00dferhalb der Europ\u00e4ischen Union bestellen, k\u00f6nnen Sie Importz\u00f6llen und -steuern unterliegen, die erhoben werden, sobald die Ware den bestimmten Zielort erreicht. Jegliche zus\u00e4tzlichen Geb\u00fchren f\u00fcr die Zollabfertigung werden vom Besteller getragen.<\/p>\n<p>(2) Ferner beachten Sie bitte, dass Sie bei Bestellungen beim Anbieter als Einf\u00fchrender angesehen werden und alle Gesetze und Verordnungen des Landes, in dem Sie die Produkte erhalten, einhalten m\u00fcssen. Der Schutz Ihrer Daten ist wichtig und deshalb m\u00f6chte der Anbieter darauf hinweisen, dass grenz\u00fcberschreitende Lieferungen der \u00d6ffnung und Untersuchung durch Zollbeh\u00f6rden unterliegen.<\/p>\n<p>\u00a7 11 M\u00e4ngelgew\u00e4hrleistung\/ Haftung<\/p>\n<p>(1) Der Besteller hat M\u00e4ngel der seitens des Anbieters gelieferten Ware unverz\u00fcglich, sp\u00e4testens jedoch innerhalb einer Woche nach Eingang des Liefergegenstandes, schriftlich dem Verwender mitzuteilen. M\u00e4ngel, die bei sorgf\u00e4ltiger Pr\u00fcfung nicht in diesem Zeitpunkt erkannt werden, sind unverz\u00fcglich nach Entdeckung schriftlich mitzuteilen. Bei Nichteinhaltung gilt die Ware als genehmigt, es sei denn der Mangel wurde vom Anbieter arglistig verschwiegen.<\/p>\n<p>(2) Soweit der Mangel unter den Verpflichtungen von Ziffer (1) mitgeteilt wurde, ist der Besteller berechtigt eine M\u00e4ngelbeseitigung oder eine Ersatzlieferung zu verlangen. Bei einer M\u00e4ngelbeseitigung ist der Anbieter verpflichtet, alle zum Zweck der M\u00e4ngelbeseitigung erforderlichen Aufwendungen, insbesondere Transport-, Wege-, Arbeits- und Materialkosten zu tragen, soweit diese nicht durch einen anderen Erf\u00fcllungsort erh\u00f6ht werden.<\/p>\n<p>(3) Ist der Anbieter zu einer M\u00e4ngelbeseitigung bzw. Ersatzlieferung nicht bereit oder verz\u00f6gert sich diese \u00fcber angemessene Zeit hinaus aus Gr\u00fcnden, die seitens des Anbieters zu vertreten sind oder schl\u00e4gt die M\u00e4ngelbeseitigung bzw. Ersatzlieferung fehl, so kann der Kunde nach seiner Wahl von dem Vertrag zur\u00fccktreten oder eine entsprechende Herabsetzung als Kaufpreisminderung verlangen.<\/p>\n<p>(4) Der Anbieter haftet nicht f\u00fcr Sch\u00e4den, die nicht am Liefergegenstand selbst entstanden sind. Andere Anspr\u00fcche sind ausgeschlossen.<\/p>\n<p>(5) Die Gew\u00e4hrleistungsanspr\u00fcche des Bestellers verj\u00e4hren nach sechs Monaten ab Gefahr\u00fcbergang.<\/p>\n<p>(6) Materialpr\u00fcfungskosten auf Grund einer Reklamation des Kunden gehen zu dessen Lasten.<\/p>\n<p>\u00a7 12 Datenschutz\/ Vertraulichkeit<\/p>\n<p>(1) Der Besteller erkl\u00e4rt sich damit einverstanden, dass seine Kontaktdaten mittels elektronischer Datenvereinbarung im Rahmen des Vertragsschlusses gespeichert und ggf. an Dritte weitergegeben werden, soweit dies zur Abwicklung des Vertrages erforderlich ist.<\/p>\n<p>(2) S\u00e4mtliche Informationen, die im Rahmen des Vertragsschlusses bekannt geworden sind, sind gegen\u00fcber Dritten vertraulich zu behandeln. Dies gilt insbesondere f\u00fcr Preisvereinbarungen.<\/p>\n<p>(3) Jede Vertragspartei ist verpflichtet, alle nicht \u00f6ffentlich zug\u00e4nglichen Daten und Informationen vertraulich zu behandeln und ausschlie\u00dflich f\u00fcr den vorgesehenen Zweck zu verwenden. Daten und Informationen d\u00fcrfen nur an Dritte weitergeleitet werden, die diese f\u00fcr die Vertragserf\u00fcllung ben\u00f6tigen.<\/p>\n<p>(4) Die Verpflichtung der Vertraulichkeit gilt nicht f\u00fcr Daten und Informationen, die an Dritte aufgrund von gesetzlicher Verpflichtung bekannt gemacht werden m\u00fcssen. Hierf\u00fcr ist die andere Partei unverz\u00fcglich zu informieren.<\/p>\n<p>\u00a7 13 Schlussklausel<\/p>\n<p>(1) Erf\u00fcllungsort<br \/>\nDer Erf\u00fcllungsort unter Kaufleuten ist ausschlie\u00dflich der Sitz der jeweiligen t\u00e4tigen Niederlassung des Bestellers, in Zweifelsf\u00e4llen der Sitz der Hauptverwaltung des Bestellers.<\/p>\n<p>(2) Unwirksamkeit<br \/>\nDie Unwirksamkeit einzelner Bedingungen ber\u00fchrt weder G\u00fcltigkeit des Liefervertrages noch die G\u00fcltigkeit der \u00fcbrigen Verkaufs- und Lieferbedingungen.<\/p>\n<p>(3) H\u00f6here Gewalt<br \/>\nIm Falle von h\u00f6herer Gewalt ist der Anbieter berechtigt, ohne Gew\u00e4hrung von Schadensersatz vom Vertrag zur\u00fcckzutreten. Ein etwaiges R\u00fccktrittsrecht des Bestellers bleibt hiervon unber\u00fchrt. Als h\u00f6here Gewalt sind solche F\u00e4lle wie Krieg, Feuer, Streiks, Naturgewalten oder sonstige vergleichbare F\u00e4lle anzusehen.<\/p>\n<p>(4) Gerichtsstand<br \/>\nAusschlie\u00dflicher Gerichtsstand f\u00fcr s\u00e4mtliche Anspr\u00fcche aus oder im Zusammenhang mit den in diesem Allgemeinen Gesch\u00e4ftsbedingungen geregelten Gesch\u00e4ften ist M\u00fclheim an der Ruhr.<\/p>\n<p>(5) Rechtswahl<br \/>\nEs gilt das Recht der Bundesrepublik Deutschland unter vollst\u00e4ndigem Ausschluss des Wiener UN-Kaufrechts\u00fcbereinkommens von 1980.<\/p>\n<p>(6) Form<br \/>\nSoweit f\u00fcr Erkl\u00e4rungen die Schriftform verlangt wird, steht die Textform der Schriftform gleich, sofern sie den Aussteller erkennbar macht. Die Beweislast f\u00fcr den Zugang von E-Mails tr\u00e4gt deren Absender.<\/p>\n<p>(7) Salvatorische Klausel<br \/>\nSollte eine Bestimmung in diesen Allgemeinen Gesch\u00e4ftsbedingungen oder eine Bestimmung im Rahmen sonstiger Vereinbarungen unwirksam oder im Einzelfall nicht anwendbar sein oder werden, so wird hiervon die Wirksamkeit einer sonstigen Bestimmung oder Vereinbarung nicht ber\u00fchrt. In diesem Fall wird die unwirksame Bestimmung durch wirksame Bestimmung ersetzt, die dem wirtschaftlichen Zweck der unwirksamen Bestimmung am n\u00e4chsten kommt.<\/p>\n<\/div><\/section><\/div><\/div><\/div><\/main><!-- close content main element --><\/div><\/div><div id='after_section_1'  class='main_color av_default_container_wrap container_wrap sidebar_right'  ><div class='container av-section-cont-open' ><div class='template-page content  av-content-small alpha units'><div class='post-entry post-entry-type-page post-entry-4785'><div class='entry-content-wrapper clearfix'>\n","protected":false},"excerpt":{"rendered":"","protected":false},"author":2,"featured_media":0,"parent":0,"menu_order":0,"comment_status":"closed","ping_status":"closed","template":"","meta":{"footnotes":""},"class_list":["post-4785","page","type-page","status-publish","hentry"],"yoast_head":"<!-- This site is optimized with the Yoast SEO plugin v27.4 - https:\/\/yoast.com\/product\/yoast-seo-wordpress\/ -->\n<title>AGB naVitalo | pflanzliche Lebensmittelzutaten | Gro\u00dfhandel &amp; H\u00e4ndler<\/title>\n<meta name=\"description\" content=\"AGB naVitalo | naVitalo | Gro\u00dfhandel &amp; H\u00e4ndler von pflanzlichen Nahrungsmitteln | Jetzt mehr erfahren\" \/>\n<meta name=\"robots\" content=\"index, follow, max-snippet:-1, max-image-preview:large, max-video-preview:-1\" \/>\n<link rel=\"canonical\" href=\"https:\/\/www.navitalo.com\/de\/agb\/\" \/>\n<meta property=\"og:locale\" content=\"de_DE\" \/>\n<meta property=\"og:type\" content=\"article\" \/>\n<meta property=\"og:title\" content=\"AGB naVitalo | pflanzliche Lebensmittelzutaten | Gro\u00dfhandel &amp; H\u00e4ndler\" \/>\n<meta property=\"og:description\" content=\"AGB naVitalo | naVitalo | Gro\u00dfhandel &amp; H\u00e4ndler von pflanzlichen Nahrungsmitteln | Jetzt mehr erfahren\" \/>\n<meta property=\"og:url\" content=\"https:\/\/www.navitalo.com\/de\/agb\/\" \/>\n<meta property=\"og:site_name\" content=\"naVitalo\" \/>\n<meta property=\"article:modified_time\" content=\"2021-06-07T11:52:49+00:00\" \/>\n<meta name=\"twitter:card\" content=\"summary_large_image\" \/>\n<meta name=\"twitter:label1\" content=\"Gesch\u00e4tzte Lesezeit\" \/>\n\t<meta name=\"twitter:data1\" content=\"10\u00a0Minuten\" \/>\n<script type=\"application\/ld+json\" class=\"yoast-schema-graph\">{\"@context\":\"https:\\\/\\\/schema.org\",\"@graph\":[{\"@type\":\"WebPage\",\"@id\":\"https:\\\/\\\/www.navitalo.com\\\/de\\\/agb\\\/\",\"url\":\"https:\\\/\\\/www.navitalo.com\\\/de\\\/agb\\\/\",\"name\":\"AGB naVitalo | pflanzliche Lebensmittelzutaten | Gro\u00dfhandel & H\u00e4ndler\",\"isPartOf\":{\"@id\":\"https:\\\/\\\/www.navitalo.com\\\/de\\\/#website\"},\"datePublished\":\"2020-11-24T13:12:35+00:00\",\"dateModified\":\"2021-06-07T11:52:49+00:00\",\"description\":\"AGB naVitalo | naVitalo | Gro\u00dfhandel & H\u00e4ndler von pflanzlichen Nahrungsmitteln | Jetzt mehr erfahren\",\"breadcrumb\":{\"@id\":\"https:\\\/\\\/www.navitalo.com\\\/de\\\/agb\\\/#breadcrumb\"},\"inLanguage\":\"de\",\"potentialAction\":[{\"@type\":\"ReadAction\",\"target\":[\"https:\\\/\\\/www.navitalo.com\\\/de\\\/agb\\\/\"]}]},{\"@type\":\"BreadcrumbList\",\"@id\":\"https:\\\/\\\/www.navitalo.com\\\/de\\\/agb\\\/#breadcrumb\",\"itemListElement\":[{\"@type\":\"ListItem\",\"position\":1,\"name\":\"Home\",\"item\":\"https:\\\/\\\/www.navitalo.com\\\/de\\\/\"},{\"@type\":\"ListItem\",\"position\":2,\"name\":\"AGB\"}]},{\"@type\":\"WebSite\",\"@id\":\"https:\\\/\\\/www.navitalo.com\\\/de\\\/#website\",\"url\":\"https:\\\/\\\/www.navitalo.com\\\/de\\\/\",\"name\":\"naVitalo\",\"description\":\"Specialist in natural Sweeteners, plant-based Milk Powders &amp; Proteins\",\"potentialAction\":[{\"@type\":\"SearchAction\",\"target\":{\"@type\":\"EntryPoint\",\"urlTemplate\":\"https:\\\/\\\/www.navitalo.com\\\/de\\\/?s={search_term_string}\"},\"query-input\":{\"@type\":\"PropertyValueSpecification\",\"valueRequired\":true,\"valueName\":\"search_term_string\"}}],\"inLanguage\":\"de\"}]}<\/script>\n<!-- \/ Yoast SEO plugin. -->","yoast_head_json":{"title":"AGB naVitalo | pflanzliche Lebensmittelzutaten | Gro\u00dfhandel & H\u00e4ndler","description":"AGB naVitalo | naVitalo | Gro\u00dfhandel & H\u00e4ndler von pflanzlichen Nahrungsmitteln | Jetzt mehr erfahren","robots":{"index":"index","follow":"follow","max-snippet":"max-snippet:-1","max-image-preview":"max-image-preview:large","max-video-preview":"max-video-preview:-1"},"canonical":"https:\/\/www.navitalo.com\/de\/agb\/","og_locale":"de_DE","og_type":"article","og_title":"AGB naVitalo | pflanzliche Lebensmittelzutaten | Gro\u00dfhandel & H\u00e4ndler","og_description":"AGB naVitalo | naVitalo | Gro\u00dfhandel & H\u00e4ndler von pflanzlichen Nahrungsmitteln | Jetzt mehr erfahren","og_url":"https:\/\/www.navitalo.com\/de\/agb\/","og_site_name":"naVitalo","article_modified_time":"2021-06-07T11:52:49+00:00","twitter_card":"summary_large_image","twitter_misc":{"Gesch\u00e4tzte Lesezeit":"10\u00a0Minuten"},"schema":{"@context":"https:\/\/schema.org","@graph":[{"@type":"WebPage","@id":"https:\/\/www.navitalo.com\/de\/agb\/","url":"https:\/\/www.navitalo.com\/de\/agb\/","name":"AGB naVitalo | pflanzliche Lebensmittelzutaten | Gro\u00dfhandel & H\u00e4ndler","isPartOf":{"@id":"https:\/\/www.navitalo.com\/de\/#website"},"datePublished":"2020-11-24T13:12:35+00:00","dateModified":"2021-06-07T11:52:49+00:00","description":"AGB naVitalo | naVitalo | Gro\u00dfhandel & H\u00e4ndler von pflanzlichen Nahrungsmitteln | Jetzt mehr erfahren","breadcrumb":{"@id":"https:\/\/www.navitalo.com\/de\/agb\/#breadcrumb"},"inLanguage":"de","potentialAction":[{"@type":"ReadAction","target":["https:\/\/www.navitalo.com\/de\/agb\/"]}]},{"@type":"BreadcrumbList","@id":"https:\/\/www.navitalo.com\/de\/agb\/#breadcrumb","itemListElement":[{"@type":"ListItem","position":1,"name":"Home","item":"https:\/\/www.navitalo.com\/de\/"},{"@type":"ListItem","position":2,"name":"AGB"}]},{"@type":"WebSite","@id":"https:\/\/www.navitalo.com\/de\/#website","url":"https:\/\/www.navitalo.com\/de\/","name":"naVitalo","description":"Specialist in natural Sweeteners, plant-based Milk Powders &amp; Proteins","potentialAction":[{"@type":"SearchAction","target":{"@type":"EntryPoint","urlTemplate":"https:\/\/www.navitalo.com\/de\/?s={search_term_string}"},"query-input":{"@type":"PropertyValueSpecification","valueRequired":true,"valueName":"search_term_string"}}],"inLanguage":"de"}]}},"_links":{"self":[{"href":"https:\/\/www.navitalo.com\/de\/wp-json\/wp\/v2\/pages\/4785","targetHints":{"allow":["GET"]}}],"collection":[{"href":"https:\/\/www.navitalo.com\/de\/wp-json\/wp\/v2\/pages"}],"about":[{"href":"https:\/\/www.navitalo.com\/de\/wp-json\/wp\/v2\/types\/page"}],"author":[{"embeddable":true,"href":"https:\/\/www.navitalo.com\/de\/wp-json\/wp\/v2\/users\/2"}],"replies":[{"embeddable":true,"href":"https:\/\/www.navitalo.com\/de\/wp-json\/wp\/v2\/comments?post=4785"}],"version-history":[{"count":0,"href":"https:\/\/www.navitalo.com\/de\/wp-json\/wp\/v2\/pages\/4785\/revisions"}],"wp:attachment":[{"href":"https:\/\/www.navitalo.com\/de\/wp-json\/wp\/v2\/media?parent=4785"}],"curies":[{"name":"wp","href":"https:\/\/api.w.org\/{rel}","templated":true}]}}